{"id":2848,"date":"2020-10-05T10:31:14","date_gmt":"2020-10-05T08:31:14","guid":{"rendered":"https:\/\/fragilecosmetics.com\/?page_id=2848"},"modified":"2020-10-05T10:34:08","modified_gmt":"2020-10-05T08:34:08","slug":"cookie-policy","status":"publish","type":"page","link":"https:\/\/fragilecosmetics.com\/it\/cookie-policy\/","title":{"rendered":"Cookie Policy"},"content":{"rendered":"\t\t<div data-elementor-type=\"wp-page\" data-elementor-id=\"2848\" class=\"elementor elementor-2848 elementor-2719\" data-elementor-post-type=\"page\">\n\t\t\t\t\t\t<section class=\"elementor-section elementor-top-section elementor-element elementor-element-21b4906 elementor-section-boxed elementor-section-height-default elementor-section-height-default\" data-id=\"21b4906\" data-element_type=\"section\" data-e-type=\"section\">\n\t\t\t\t\t\t<div class=\"elementor-container elementor-column-gap-default\">\n\t\t\t\t\t<div class=\"elementor-column elementor-col-100 elementor-top-column elementor-element elementor-element-f9e18be\" data-id=\"f9e18be\" data-element_type=\"column\" data-e-type=\"column\">\n\t\t\t<div class=\"elementor-widget-wrap elementor-element-populated\">\n\t\t\t\t\t\t<div class=\"elementor-element elementor-element-1e100f3 elementor-widget elementor-widget-heading\" data-id=\"1e100f3\" data-element_type=\"widget\" data-e-type=\"widget\" data-widget_type=\"heading.default\">\n\t\t\t\t<div class=\"elementor-widget-container\">\n\t\t\t\t\t<h4 class=\"elementor-heading-title elementor-size-default\">COOKIE POLICY<\/h4>\t\t\t\t<\/div>\n\t\t\t\t<\/div>\n\t\t\t\t<div class=\"elementor-element elementor-element-2be303e elementor-widget elementor-widget-text-editor\" data-id=\"2be303e\" data-element_type=\"widget\" data-e-type=\"widget\" data-widget_type=\"text-editor.default\">\n\t\t\t\t<div class=\"elementor-widget-container\">\n\t\t\t\t\t\t\t\t\t<p>Conformemente al provvedimento del Garante per la Protezione dei Dati Personali (di seguito, il \u201cGarante\u201d) dell\u20198 maggio 2014, recante Individuazione delle modalit\u00e0 semplificate per l\u2019informativa e l\u2019acquisizione del consenso per l\u2019uso dei cookie (di seguito, il \u201cProvvedimento Cookies\u201d),\u00a0<em>Fragile Cosmetics Srl<\/em>,\u00a0intende informare l\u2019utente di quanto segue.<\/p><p>Il sito web www.fragilecosmetics.com utilizza cookie e tecnologie simili per garantire il corretto funzionamento delle procedure e migliorare l\u2019esperienza di uso delle applicazioni online. Il presente documento fornisce informazioni dettagliate sull\u2019uso dei cookie e di tecnologie similari, su come sono utilizzati su www.fragilecosmetics.com e su come gestirli.<\/p><p><strong>Definizioni<\/strong><br \/>I cookie sono brevi frammenti di testo (lettere e\/o numeri) che permettono al server web di memorizzare sul client (il browser) informazioni da riutilizzare nel corso della medesima visita al sito (cookie di sessione) o in seguito, anche a distanza di giorni (cookie persistenti). I cookie vengono memorizzati, in base alle preferenze dell\u2019utente, dal singolo browser sullo specifico dispositivo utilizzato (computer, tablet, smartphone).<\/p><p>Tecnologie similari, come, ad esempio, web beacon, GIF trasparenti e tutte le forme di storage locale introdotte con HTML5, sono utilizzabili per raccogliere informazioni sul comportamento dell\u2019utente e sull\u2019utilizzo dei servizi.<\/p><p>Nel seguito di questo documento faremo riferimento ai cookie e a tutte le tecnologie similari utilizzando semplicemente il termine \u201ccookie\u201d.<\/p><p><strong>Tipologie di cookie<\/strong><br \/>In base alle caratteristiche e all\u2019utilizzo dei cookie possiamo distinguere diverse categorie:<\/p><p>Cookie strettamente necessari. Questi cookie sono essenziali per portare a termine attivit\u00e0 richieste dall\u2019utente. \u2028Per esempio, per memorizzare informazioni fornite dall\u2019utente mentre naviga nel sito o per gestire lo stato di \u201clogin\u201d durante la visita. Questi cookie, inviati sempre dal nostro dominio, sono necessari a visualizzare correttamente il sito e in relazione ai servizi tecnici offerti, verranno quindi sempre utilizzati e inviati, a meno che l\u2019utenza non modifichi le impostazioni nel proprio browser (pregiudicando cos\u00ec la visualizzazione delle pagine del sito).<br \/>Cookie di analisi e prestazioni. Sono cookie utilizzati per raccogliere e analizzare il traffico e l\u2019utilizzo del sito in modo anonimo. Questi cookie, pur senza identificare l\u2019utente, consentono, per esempio, di rilevare se il medesimo utente torna a collegarsi in momenti diversi. Permettono inoltre di monitorare il sistema e migliorarne le prestazioni e l\u2019usabilit\u00e0. La disattivazione di tali cookie pu\u00f2 essere eseguita senza alcuna perdita di funzionalit\u00e0.<br \/>Cookie di profilazione. Si tratta di cookie permanenti utilizzati per identificare (in modo anonimo e non) le preferenze dell\u2019utente e migliorare la sua esperienza di navigazione. Il sito www.fragilecosmetics.com non utilizza cookie di questo tipo.<br \/>Durata dei cookie<br \/>Alcuni cookie (cookie di sessione) restano attivi solo fino alla chiusura del browser o all\u2019esecuzione del comando di logout. Altri cookie \u201csopravvivono\u201d alla chiusura del browser e sono disponibili anche in successive visite dell\u2019utente. Questi cookie sono detti persistenti e la loro durata \u00e8 fissata dal server al momento della loro creazione. In alcuni casi \u00e8 fissata una scadenza, in altri casi la durata \u00e8 illimitata. Tuttavia, navigando sulle pagine del sito www.fragilecosmetics.com, si pu\u00f2 interagire con siti gestiti da terze parti che possono creare o modificare cookie permanenti.<\/p><p><strong>Cookie di terze parti<\/strong><br \/>Visitando un sito web si possono ricevere cookie sia dal sito visitato (\u201cproprietari\u201d), sia da siti gestiti da altre organizzazioni (\u201cterze parti\u201d).<\/p><p><strong>Google Analytics<\/strong><br \/>Il sito www.fragilecosmetics.com include anche talune componenti trasmesse da Google Analytics, un servizio di analisi del traffico web fornito da Google, Inc. (\u201cGoogle\u201d). Anche in questo caso si tratta di cookie di terze parti raccolti e gestiti in modo anonimo per monitorare e migliorare le prestazioni del sito ospite (performance cookie).<\/p><p>Google Analytics utilizza i \u201ccookie\u201d per raccogliere e analizzare in forma anonima le informazioni sui comportamenti di utilizzo del sito (l\u2019indirizzo IP dell\u2019utente \u00e8 stato reso anonimo seguendo la procedura messa a disposizione da Google https:\/\/support.google.com\/analytics\/answer\/2763052?hl=en). Tali informazioni vengono raccolte da Google Analytics, che le elabora allo scopo di redigere report per gli operatori di Fragile Cosmetics riguardanti le attivit\u00e0 sui siti web stessi. Questo sito non utilizza (e non consente a terzi di utilizzare) lo strumento di analisi di Google per monitorare o per raccogliere informazioni personali di identificazione. Google non associa l\u2019indirizzo IP a nessun altro dato posseduto da Google n\u00e9 cerca di collegare un indirizzo IP con l\u2019identit\u00e0 di un utente. Google pu\u00f2 anche comunicare queste informazioni a terzi ove ci\u00f2 sia imposto dalla legge o laddove tali terzi trattino le suddette informazioni per conto di Google.<\/p><p>Per ulteriori informazioni, si rinvia al link di seguito indicato: https:\/\/www.google.it\/policies\/privacy\/partners\/.<\/p><p>L\u2019utente pu\u00f2 disabilitare in modo selettivo l\u2019azione di Google Analytics installando sul proprio browser la componente di opt-out fornito da Google. Per disabilitare l\u2019azione di Google Analytics, si rinvia al link di seguito indicato: https:\/\/tools.google.com\/dlpage\/gaoptout.<\/p><p><strong>Google Maps<\/strong><br \/>Questo sito utilizza i \u201ccookies\u201d di Google Maps per visualizzare la mappa interattiva e la posizione preimpostata. Vengono inoltre utilizzati per memorizzare le preferenze dell\u2019utente durante l\u2019uso della mappa.<br \/>Al seguente link \u00e8 disponibile la dichiarazione sulla tutela dei dati di Google: http:\/\/www.google.si\/policies\/technologies\/cookies\/.<\/p><p><strong>Gestione dei cookie<\/strong><br \/>L\u2019utente pu\u00f2 decidere se accettare o meno i cookie utilizzando le impostazioni del proprio browser.<\/p><p>Attenzione: la disabilitazione totale o parziale dei cookie tecnici pu\u00f2 compromettere l\u2019utilizzo delle funzionalit\u00e0 del sito riservate agli utenti registrati. Al contrario, la fruibilit\u00e0 dei contenuti pubblici \u00e8 possibile anche disabilitando completamente i cookie.<\/p><p>La disabilitazione dei cookie \u201cterze parti\u201d non pregiudica in alcun modo la navigabilit\u00e0.<\/p><p>L\u2019impostazione pu\u00f2 essere definita in modo specifico per i diversi siti e applicazioni web. Inoltre i migliori browser consentono di definire impostazioni diverse per i cookie \u201cproprietari\u201d e per quelli di \u201cterze parti\u201d.<\/p><p>A titolo di esempio, in Firefox, attraverso il menu Strumenti-&gt;Opzioni-&gt;Privacy, \u00e8 possibile accedere ad un pannello di controllo dove \u00e8 possibile definire se accettare o meno i diversi tipi di cookie e procedere alla loro rimozione.<\/p><p>Chrome: https:\/\/support.google.com\/chrome\/answer\/95647?hl=it<br \/>Firefox: https:\/\/support.mozilla.org\/it\/kb\/Gestione%20dei%20cookie<br \/>Internet Explorer: http:\/\/windows.microsoft.com\/it-it\/windows7\/how-to-manage-cookies-in-internet-explorer-9<br \/>Opera: http:\/\/help.opera.com\/Windows\/10.00\/it\/cookies.html<br \/>Safari: http:\/\/support.apple.com\/kb\/HT1677?viewlocale=it_IT<br \/>Per disattivare i cookie su un telefono cellulare, consultate il relativo manuale per reperire ulteriori informazioni.<\/p><p>Informazioni pi\u00f9 dettagliate relative ai cookie su Internet sono disponibili all\u2019indirizzo http:\/\/www.aboutcookies.org\/.<\/p><p><strong>Siti Web e servizi di terze parti<\/strong><br \/>Il Sito potrebbe contenere collegamenti ad altri siti Web che dispongono di una propria informativa sulla privacy (per esempio Facebook) che pu\u00f2 essere diverse da quella adottata da www.fragilecosmetics.com e che quindi non risponde di questi siti.<\/p><p><strong>Altri cookie\/cookie imprevisti<\/strong><br \/>Considerando il funzionamento di Internet e dei siti Web, non sempre siamo in grado di controllare i cookie che vengono memorizzati da terze parti attraverso il nostro sito Web. Questo vale soprattutto nei casi in cui la pagina Web contenga i cosiddetti elementi incorporati: testi, documenti, immagini o brevi filmati che sono archiviati altrove, ma vengono visualizzati nel o attraverso il nostro sito Web.<\/p><p>Di conseguenza, qualora nel sito Web venisse rilevato un cookie non imputabile ad uno dei servizi di terze parti elencato, vi preghiamo di comunicarcelo. In alternativa, potete contattare direttamente le terze parti interessate e chiedere informazioni sui cookie che inviano, a quali scopi, qual \u00e8 la loro durata e come garantiscono la privacy degli utenti.<\/p><p><strong>Rimozione sicura dei cookies:<\/strong><br \/><a href=\"\" class=\"cookielawinfo-cookie-delete\">Elimina i Cookie<\/a><\/p>\t\t\t\t\t\t\t\t<\/div>\n\t\t\t\t<\/div>\n\t\t\t\t\t<\/div>\n\t\t<\/div>\n\t\t\t\t\t<\/div>\n\t\t<\/section>\n\t\t\t\t<\/div>\n\t\t","protected":false},"excerpt":{"rendered":"<p>COOKIE POLICY Conformemente al provvedimento del Garante per la Protezione dei Dati Personali (di seguito, il \u201cGarante\u201d) dell\u20198 maggio 2014, recante Individuazione delle modalit\u00e0 semplificate per l\u2019informativa e l\u2019acquisizione del&hellip;<\/p>\n","protected":false},"author":2,"featured_media":0,"parent":0,"menu_order":0,"comment_status":"closed","ping_status":"closed","template":"","meta":{"footnotes":""},"class_list":["post-2848","page","type-page","status-publish","hentry"],"yoast_head":"<!-- This site is optimized with the Yoast SEO plugin v27.2 - https:\/\/yoast.com\/product\/yoast-seo-wordpress\/ -->\n<title>Cookie Policy - Fragile Cosmetics<\/title>\n<meta name=\"description\" content=\"COOKIE POLICY Conformemente al provvedimento del Garante per la Protezione dei Dati Personali (di seguito, il \u201cGarante\u201d) dell\u20198 maggio 2014, recante\" \/>\n<meta name=\"robots\" content=\"index, follow, max-snippet:-1, max-image-preview:large, max-video-preview:-1\" \/>\n<link rel=\"canonical\" href=\"https:\/\/fragilecosmetics.com\/it\/cookie-policy\/\" \/>\n<meta property=\"og:locale\" content=\"it_IT\" \/>\n<meta property=\"og:type\" content=\"article\" \/>\n<meta property=\"og:title\" content=\"Cookie Policy - Fragile Cosmetics\" \/>\n<meta property=\"og:description\" content=\"COOKIE POLICY Conformemente al provvedimento del Garante per la Protezione dei Dati Personali (di seguito, il \u201cGarante\u201d) dell\u20198 maggio 2014, recante\" \/>\n<meta property=\"og:url\" content=\"https:\/\/fragilecosmetics.com\/it\/cookie-policy\/\" \/>\n<meta property=\"og:site_name\" content=\"Fragile Cosmetics\" \/>\n<meta property=\"article:publisher\" content=\"https:\/\/www.facebook.com\/fragilecosmetics-101335211725284\" \/>\n<meta property=\"article:modified_time\" content=\"2020-10-05T08:34:08+00:00\" \/>\n<meta name=\"twitter:card\" content=\"summary_large_image\" \/>\n<meta name=\"twitter:label1\" content=\"Tempo di lettura stimato\" \/>\n\t<meta name=\"twitter:data1\" content=\"6 minuti\" \/>\n<script type=\"application\/ld+json\" class=\"yoast-schema-graph\">{\"@context\":\"https:\/\/schema.org\",\"@graph\":[{\"@type\":\"WebPage\",\"@id\":\"https:\/\/fragilecosmetics.com\/it\/cookie-policy\/\",\"url\":\"https:\/\/fragilecosmetics.com\/it\/cookie-policy\/\",\"name\":\"Cookie Policy - Fragile Cosmetics\",\"isPartOf\":{\"@id\":\"https:\/\/fragilecosmetics.com\/it\/#website\"},\"datePublished\":\"2020-10-05T08:31:14+00:00\",\"dateModified\":\"2020-10-05T08:34:08+00:00\",\"description\":\"COOKIE POLICY Conformemente al provvedimento del Garante per la Protezione dei Dati Personali (di seguito, il \u201cGarante\u201d) dell\u20198 maggio 2014, recante\",\"breadcrumb\":{\"@id\":\"https:\/\/fragilecosmetics.com\/it\/cookie-policy\/#breadcrumb\"},\"inLanguage\":\"it-IT\",\"potentialAction\":[{\"@type\":\"ReadAction\",\"target\":[\"https:\/\/fragilecosmetics.com\/it\/cookie-policy\/\"]}]},{\"@type\":\"BreadcrumbList\",\"@id\":\"https:\/\/fragilecosmetics.com\/it\/cookie-policy\/#breadcrumb\",\"itemListElement\":[{\"@type\":\"ListItem\",\"position\":1,\"name\":\"Home\",\"item\":\"https:\/\/fragilecosmetics.com\/it\/\"},{\"@type\":\"ListItem\",\"position\":2,\"name\":\"Cookie Policy\"}]},{\"@type\":\"WebSite\",\"@id\":\"https:\/\/fragilecosmetics.com\/it\/#website\",\"url\":\"https:\/\/fragilecosmetics.com\/it\/\",\"name\":\"Fragile Cosmetics\",\"description\":\"\",\"publisher\":{\"@id\":\"https:\/\/fragilecosmetics.com\/it\/#organization\"},\"potentialAction\":[{\"@type\":\"SearchAction\",\"target\":{\"@type\":\"EntryPoint\",\"urlTemplate\":\"https:\/\/fragilecosmetics.com\/it\/?s={search_term_string}\"},\"query-input\":{\"@type\":\"PropertyValueSpecification\",\"valueRequired\":true,\"valueName\":\"search_term_string\"}}],\"inLanguage\":\"it-IT\"},{\"@type\":\"Organization\",\"@id\":\"https:\/\/fragilecosmetics.com\/it\/#organization\",\"name\":\"Fragile Cosmetics Srl\",\"url\":\"https:\/\/fragilecosmetics.com\/it\/\",\"logo\":{\"@type\":\"ImageObject\",\"inLanguage\":\"it-IT\",\"@id\":\"https:\/\/fragilecosmetics.com\/it\/#\/schema\/logo\/image\/\",\"url\":\"https:\/\/fragilecosmetics.com\/wp-content\/uploads\/2020\/08\/Logo-HD-nero.png\",\"contentUrl\":\"https:\/\/fragilecosmetics.com\/wp-content\/uploads\/2020\/08\/Logo-HD-nero.png\",\"width\":400,\"height\":265,\"caption\":\"Fragile Cosmetics Srl\"},\"image\":{\"@id\":\"https:\/\/fragilecosmetics.com\/it\/#\/schema\/logo\/image\/\"},\"sameAs\":[\"https:\/\/www.facebook.com\/fragilecosmetics-101335211725284\",\"https:\/\/www.instagram.com\/fragilecosmetics\/\"]}]}<\/script>\n<!-- \/ Yoast SEO plugin. -->","yoast_head_json":{"title":"Cookie Policy - Fragile Cosmetics","description":"COOKIE POLICY Conformemente al provvedimento del Garante per la Protezione dei Dati Personali (di seguito, il \u201cGarante\u201d) dell\u20198 maggio 2014, recante","robots":{"index":"index","follow":"follow","max-snippet":"max-snippet:-1","max-image-preview":"max-image-preview:large","max-video-preview":"max-video-preview:-1"},"canonical":"https:\/\/fragilecosmetics.com\/it\/cookie-policy\/","og_locale":"it_IT","og_type":"article","og_title":"Cookie Policy - Fragile Cosmetics","og_description":"COOKIE POLICY Conformemente al provvedimento del Garante per la Protezione dei Dati Personali (di seguito, il \u201cGarante\u201d) dell\u20198 maggio 2014, recante","og_url":"https:\/\/fragilecosmetics.com\/it\/cookie-policy\/","og_site_name":"Fragile Cosmetics","article_publisher":"https:\/\/www.facebook.com\/fragilecosmetics-101335211725284","article_modified_time":"2020-10-05T08:34:08+00:00","twitter_card":"summary_large_image","twitter_misc":{"Tempo di lettura stimato":"6 minuti"},"schema":{"@context":"https:\/\/schema.org","@graph":[{"@type":"WebPage","@id":"https:\/\/fragilecosmetics.com\/it\/cookie-policy\/","url":"https:\/\/fragilecosmetics.com\/it\/cookie-policy\/","name":"Cookie Policy - Fragile Cosmetics","isPartOf":{"@id":"https:\/\/fragilecosmetics.com\/it\/#website"},"datePublished":"2020-10-05T08:31:14+00:00","dateModified":"2020-10-05T08:34:08+00:00","description":"COOKIE POLICY Conformemente al provvedimento del Garante per la Protezione dei Dati Personali (di seguito, il \u201cGarante\u201d) dell\u20198 maggio 2014, recante","breadcrumb":{"@id":"https:\/\/fragilecosmetics.com\/it\/cookie-policy\/#breadcrumb"},"inLanguage":"it-IT","potentialAction":[{"@type":"ReadAction","target":["https:\/\/fragilecosmetics.com\/it\/cookie-policy\/"]}]},{"@type":"BreadcrumbList","@id":"https:\/\/fragilecosmetics.com\/it\/cookie-policy\/#breadcrumb","itemListElement":[{"@type":"ListItem","position":1,"name":"Home","item":"https:\/\/fragilecosmetics.com\/it\/"},{"@type":"ListItem","position":2,"name":"Cookie Policy"}]},{"@type":"WebSite","@id":"https:\/\/fragilecosmetics.com\/it\/#website","url":"https:\/\/fragilecosmetics.com\/it\/","name":"Fragile Cosmetics","description":"","publisher":{"@id":"https:\/\/fragilecosmetics.com\/it\/#organization"},"potentialAction":[{"@type":"SearchAction","target":{"@type":"EntryPoint","urlTemplate":"https:\/\/fragilecosmetics.com\/it\/?s={search_term_string}"},"query-input":{"@type":"PropertyValueSpecification","valueRequired":true,"valueName":"search_term_string"}}],"inLanguage":"it-IT"},{"@type":"Organization","@id":"https:\/\/fragilecosmetics.com\/it\/#organization","name":"Fragile Cosmetics Srl","url":"https:\/\/fragilecosmetics.com\/it\/","logo":{"@type":"ImageObject","inLanguage":"it-IT","@id":"https:\/\/fragilecosmetics.com\/it\/#\/schema\/logo\/image\/","url":"https:\/\/fragilecosmetics.com\/wp-content\/uploads\/2020\/08\/Logo-HD-nero.png","contentUrl":"https:\/\/fragilecosmetics.com\/wp-content\/uploads\/2020\/08\/Logo-HD-nero.png","width":400,"height":265,"caption":"Fragile Cosmetics Srl"},"image":{"@id":"https:\/\/fragilecosmetics.com\/it\/#\/schema\/logo\/image\/"},"sameAs":["https:\/\/www.facebook.com\/fragilecosmetics-101335211725284","https:\/\/www.instagram.com\/fragilecosmetics\/"]}]}},"_links":{"self":[{"href":"https:\/\/fragilecosmetics.com\/it\/wp-json\/wp\/v2\/pages\/2848","targetHints":{"allow":["GET"]}}],"collection":[{"href":"https:\/\/fragilecosmetics.com\/it\/wp-json\/wp\/v2\/pages"}],"about":[{"href":"https:\/\/fragilecosmetics.com\/it\/wp-json\/wp\/v2\/types\/page"}],"author":[{"embeddable":true,"href":"https:\/\/fragilecosmetics.com\/it\/wp-json\/wp\/v2\/users\/2"}],"replies":[{"embeddable":true,"href":"https:\/\/fragilecosmetics.com\/it\/wp-json\/wp\/v2\/comments?post=2848"}],"version-history":[{"count":0,"href":"https:\/\/fragilecosmetics.com\/it\/wp-json\/wp\/v2\/pages\/2848\/revisions"}],"wp:attachment":[{"href":"https:\/\/fragilecosmetics.com\/it\/wp-json\/wp\/v2\/media?parent=2848"}],"curies":[{"name":"wp","href":"https:\/\/api.w.org\/{rel}","templated":true}]}}