{"id":2618,"date":"2021-07-13T15:26:08","date_gmt":"2021-07-13T13:26:08","guid":{"rendered":"https:\/\/fragilecosmetics.com\/product\/spray-per-capelli-volumizzante-e-texturizzante-100ml\/"},"modified":"2025-10-09T10:57:05","modified_gmt":"2025-10-09T08:57:05","slug":"spray-per-capelli-volumizzante-e-texturizzante-100ml","status":"publish","type":"product","link":"https:\/\/fragilecosmetics.com\/it\/prodotto\/spray-per-capelli-volumizzante-e-texturizzante-100ml\/","title":{"rendered":"\u2060\u2060Rise spray texturizzante + volumizzante"},"content":{"rendered":"<p style=\"font-size: 12px;\"><strong>Ingredienti Attivi<\/strong><\/p>\n<p style=\"font-size: 12px;\"><strong>Gomma d&#8217;acacia:<\/strong> Resina vegetale ricavata dal tronco e dalle foglie dell\u2019Acacia, dona tenuta e volume ai capelli . Grazie alla sua azione filmogena \u00e8 capace di creare un film protettivo sui capelli rivestendoli e rendendoli morbidi. Estratto di ortica biologico : aiuta a prevenire la caduta dei capelli, ne favorisce la crescita, combatte la secchezza del cuoio capelluto. Grazie alla presenza di sali minerali, come calcio e potassio, l\u2019ortica vanta anche un\u2019azione rinforzante e rimineralizzante. Inoltre, ha effetti benefici anche sulla forfora e sui capelli grassi.<\/p>\n<p><strong>Estratto di menta biologica:<\/strong> aiuta a migliorare l&#8217;afflusso di sangue al cuoio capelluto, pu\u00f2 trattare la secchezza, combatte il prurito. Svolge inoltre un&#8217;azione sebonormalizzante grazie alle sue propriet\u00e0 astringenti.<\/p>\n<p><strong>Pantenolo:<\/strong> conosciuto anche con il nome di Acido Pantotenico e Vitamina B5, \u00e8 un concentrato di propriet\u00e0 benefiche per la pelle e per i capelli. \u00c8 un ingrediente idratante e rigenerante, previene l\u2019indebolimento dello stelo, protegge la chioma dagli agenti ambientali esterni, dona forza alla struttura del capello, combatte l\u2019effetto crespo lasciando i capelli morbidi, setosi e voluminosi.<\/p>\n<p><strong>Estratto di corteccia di ippocastano:<\/strong> rafforza le radici dei capelli e ne accelera la crescita . Pertanto, \u00e8 un forte alleato contro la caduta dei capelli , poich\u00e9 aumenta la circolazione del cuoio capelluto.<\/p>\n<p><strong>Olio d&#8217;oliva idrogenato:<\/strong> tra i tanti benefici dell&#8217;olio d&#8217;oliva per i capelli, vi sono maggiore lucentezza e morbidezza. Aiuta a ripararli, oltre che a rafforzarli grazie alla vitamina E, rendendoli meno fragili. Inoltre, il suo contenuto di antiossidanti li protegge dalle aggressioni esterne, in particolare dal sole.<\/p>\n<p><strong>Packaging: <\/strong><br \/>\nIl nostro imballaggio \u00e8 realizzato con materiali sostenibili e riciclabili. I contenitori sono in vetro con dispenser in alluminio e clip di sicurezza. Inoltre, i nostri imballaggi secondari sono realizzati con carta ecologica non patinata. Il tocco e l\u2019aspetto speciali della carta sono dovuti al processo di upcycling, che include prodotti di scarto derivanti dai processi di produzione del cotone.<\/p>\n<p><strong>Inci (all ingredients)<\/strong><br \/>\nAqua, Acacia Senegal Gum, Polyglyceryl-4 Caprate, Panthenol, Sorbitol, Urtica Dioica Leaf Extract, Aesculus Hippocastanum Bark Extract, Mentha Piperita Leaf Extract, Glycerin, Hydrogenated Ethylhexyl Olivate, Hydrogenated Olive Oil Unsaponifiables, Citric Acid, Sodium Benzoate, Tetrasodium Glutamate Diacetate, Potassium Sorbate, Benzyl Alcohol, Parfum, Terpineol<\/p>\n<p>Attenzione Solo per uso esterno. Evitare il contatto con gli occhi. In caso di contatto, sciacquare abbondantemente con acqua.<\/p>\n","protected":false},"excerpt":{"rendered":"<p style=\"font-size: 12px;\">Rise 100ml \u00e8 realizzato con un\u2019 innovativa miscela di oltre il 98% di ingredienti naturali. Questo spray altamente performante e dinamico \u00e8 formulato per donare texture, volume e tenuta leggera a tutti i tipi di capelli, mantenendoli idratati. Naturalmente profumato con note di agrumi, gelsomino e fava tonka.<\/p>\n<p style=\"font-size: 12px;\"><strong>UTILIZZO<\/strong><br \/>\n<strong>Texture:<\/strong> per ottenere una texture naturale, morbida e definita, dividere i capelli in sezioni e vaporizzare qualche spruzzata dalle radici alle lunghezze sui capelli umidi o asciutti e modellarli con le mani a seconda dello stile che si desidera ottenere.<br \/>\n<strong>Formato:<\/strong> 100ml<\/p>\n<p><strong>Volume:<\/strong> spruzzare direttamente sulle radici dei capelli bagnati, spazzolare bene su tutta la lunghezza dei capelli, quindi asciugare.<\/p>\n<p><img decoding=\"async\" class=\"alignnone wp-image-1997\" src=\"https:\/\/fragilecosmetics.com\/wp-content\/uploads\/2023\/11\/BLOOM-FLIRT-RISE.png\" alt=\"\" width=\"500\" \/><\/p>\n<p><strong><a href=\"https:\/\/fragilecosmetics.com\/product\/rise-volumising-\u2026rising-hairspray\/#tab-reviews\" target=\"_blank\" rel=\"noopener\">LEAVE A REVIEW<\/a><\/strong><\/p>\n","protected":false},"featured_media":5368,"comment_status":"open","ping_status":"closed","template":"","meta":[],"product_brand":[],"product_cat":[107],"product_tag":[],"class_list":{"0":"post-2618","1":"product","2":"type-product","3":"status-publish","4":"has-post-thumbnail","6":"product_cat-non-categorizzato","8":"first","9":"instock","10":"taxable","11":"shipping-taxable","12":"purchasable","13":"product-type-simple"},"yoast_head":"<!-- This site is optimized with the Yoast SEO plugin v27.2 - https:\/\/yoast.com\/product\/yoast-seo-wordpress\/ -->\n<title>Spray per capelli naturale, volumizzante e texturizzante - Fragile Cosmetics<\/title>\n<meta name=\"description\" content=\"Lo spray per capelli Rise volumizzante e texturizzante \u00e8 realizzato con una rara miscela composta da oltre il 99% di ingredienti naturali.\" \/>\n<meta name=\"robots\" content=\"index, follow, max-snippet:-1, max-image-preview:large, max-video-preview:-1\" \/>\n<link rel=\"canonical\" href=\"https:\/\/fragilecosmetics.com\/it\/prodotto\/spray-per-capelli-volumizzante-e-texturizzante-100ml\/\" \/>\n<meta property=\"og:locale\" content=\"it_IT\" \/>\n<meta property=\"og:type\" content=\"article\" \/>\n<meta property=\"og:title\" content=\"Spray per capelli naturale, volumizzante e texturizzante - Fragile Cosmetics\" \/>\n<meta property=\"og:description\" content=\"Lo spray per capelli Rise volumizzante e texturizzante \u00e8 realizzato con una rara miscela composta da oltre il 99% di ingredienti naturali.\" \/>\n<meta property=\"og:url\" content=\"https:\/\/fragilecosmetics.com\/it\/prodotto\/spray-per-capelli-volumizzante-e-texturizzante-100ml\/\" \/>\n<meta property=\"og:site_name\" content=\"Fragile Cosmetics\" \/>\n<meta property=\"article:publisher\" content=\"https:\/\/www.facebook.com\/fragilecosmetics-101335211725284\" \/>\n<meta property=\"article:modified_time\" content=\"2025-10-09T08:57:05+00:00\" \/>\n<meta property=\"og:image\" content=\"https:\/\/fragilecosmetics.com\/wp-content\/uploads\/2021\/07\/rise-new.jpg\" \/>\n\t<meta property=\"og:image:width\" content=\"1063\" \/>\n\t<meta property=\"og:image:height\" content=\"1063\" \/>\n\t<meta property=\"og:image:type\" content=\"image\/jpeg\" \/>\n<meta name=\"twitter:card\" content=\"summary_large_image\" \/>\n<meta name=\"twitter:label1\" content=\"Tempo di lettura stimato\" \/>\n\t<meta name=\"twitter:data1\" content=\"3 minuti\" \/>\n<script type=\"application\/ld+json\" class=\"yoast-schema-graph\">{\"@context\":\"https:\/\/schema.org\",\"@graph\":[{\"@type\":\"WebPage\",\"@id\":\"https:\/\/fragilecosmetics.com\/it\/prodotto\/spray-per-capelli-volumizzante-e-texturizzante-100ml\/\",\"url\":\"https:\/\/fragilecosmetics.com\/it\/prodotto\/spray-per-capelli-volumizzante-e-texturizzante-100ml\/\",\"name\":\"Spray per capelli naturale, volumizzante e texturizzante - Fragile Cosmetics\",\"isPartOf\":{\"@id\":\"https:\/\/fragilecosmetics.com\/it\/#website\"},\"primaryImageOfPage\":{\"@id\":\"https:\/\/fragilecosmetics.com\/it\/prodotto\/spray-per-capelli-volumizzante-e-texturizzante-100ml\/#primaryimage\"},\"image\":{\"@id\":\"https:\/\/fragilecosmetics.com\/it\/prodotto\/spray-per-capelli-volumizzante-e-texturizzante-100ml\/#primaryimage\"},\"thumbnailUrl\":\"https:\/\/fragilecosmetics.com\/wp-content\/uploads\/2021\/07\/rise-new-copia.jpeg\",\"datePublished\":\"2021-07-13T13:26:08+00:00\",\"dateModified\":\"2025-10-09T08:57:05+00:00\",\"description\":\"Lo spray per capelli Rise volumizzante e texturizzante \u00e8 realizzato con una rara miscela composta da oltre il 99% di ingredienti naturali.\",\"breadcrumb\":{\"@id\":\"https:\/\/fragilecosmetics.com\/it\/prodotto\/spray-per-capelli-volumizzante-e-texturizzante-100ml\/#breadcrumb\"},\"inLanguage\":\"it-IT\",\"potentialAction\":[{\"@type\":\"ReadAction\",\"target\":[\"https:\/\/fragilecosmetics.com\/it\/prodotto\/spray-per-capelli-volumizzante-e-texturizzante-100ml\/\"]}]},{\"@type\":\"ImageObject\",\"inLanguage\":\"it-IT\",\"@id\":\"https:\/\/fragilecosmetics.com\/it\/prodotto\/spray-per-capelli-volumizzante-e-texturizzante-100ml\/#primaryimage\",\"url\":\"https:\/\/fragilecosmetics.com\/wp-content\/uploads\/2021\/07\/rise-new-copia.jpeg\",\"contentUrl\":\"https:\/\/fragilecosmetics.com\/wp-content\/uploads\/2021\/07\/rise-new-copia.jpeg\",\"width\":1063,\"height\":1063},{\"@type\":\"BreadcrumbList\",\"@id\":\"https:\/\/fragilecosmetics.com\/it\/prodotto\/spray-per-capelli-volumizzante-e-texturizzante-100ml\/#breadcrumb\",\"itemListElement\":[{\"@type\":\"ListItem\",\"position\":1,\"name\":\"Home\",\"item\":\"https:\/\/fragilecosmetics.com\/it\/\"},{\"@type\":\"ListItem\",\"position\":2,\"name\":\"Negozio\",\"item\":\"https:\/\/fragilecosmetics.com\/it\/negozio\/\"},{\"@type\":\"ListItem\",\"position\":3,\"name\":\"\u2060\u2060Rise spray texturizzante + volumizzante\"}]},{\"@type\":\"WebSite\",\"@id\":\"https:\/\/fragilecosmetics.com\/it\/#website\",\"url\":\"https:\/\/fragilecosmetics.com\/it\/\",\"name\":\"Fragile Cosmetics\",\"description\":\"\",\"publisher\":{\"@id\":\"https:\/\/fragilecosmetics.com\/it\/#organization\"},\"potentialAction\":[{\"@type\":\"SearchAction\",\"target\":{\"@type\":\"EntryPoint\",\"urlTemplate\":\"https:\/\/fragilecosmetics.com\/it\/?s={search_term_string}\"},\"query-input\":{\"@type\":\"PropertyValueSpecification\",\"valueRequired\":true,\"valueName\":\"search_term_string\"}}],\"inLanguage\":\"it-IT\"},{\"@type\":\"Organization\",\"@id\":\"https:\/\/fragilecosmetics.com\/it\/#organization\",\"name\":\"Fragile Cosmetics Srl\",\"url\":\"https:\/\/fragilecosmetics.com\/it\/\",\"logo\":{\"@type\":\"ImageObject\",\"inLanguage\":\"it-IT\",\"@id\":\"https:\/\/fragilecosmetics.com\/it\/#\/schema\/logo\/image\/\",\"url\":\"https:\/\/fragilecosmetics.com\/wp-content\/uploads\/2020\/08\/Logo-HD-nero.png\",\"contentUrl\":\"https:\/\/fragilecosmetics.com\/wp-content\/uploads\/2020\/08\/Logo-HD-nero.png\",\"width\":400,\"height\":265,\"caption\":\"Fragile Cosmetics Srl\"},\"image\":{\"@id\":\"https:\/\/fragilecosmetics.com\/it\/#\/schema\/logo\/image\/\"},\"sameAs\":[\"https:\/\/www.facebook.com\/fragilecosmetics-101335211725284\",\"https:\/\/www.instagram.com\/fragilecosmetics\/\"]}]}<\/script>\n<!-- \/ Yoast SEO plugin. -->","yoast_head_json":{"title":"Spray per capelli naturale, volumizzante e texturizzante - Fragile Cosmetics","description":"Lo spray per capelli Rise volumizzante e texturizzante \u00e8 realizzato con una rara miscela composta da oltre il 99% di ingredienti naturali.","robots":{"index":"index","follow":"follow","max-snippet":"max-snippet:-1","max-image-preview":"max-image-preview:large","max-video-preview":"max-video-preview:-1"},"canonical":"https:\/\/fragilecosmetics.com\/it\/prodotto\/spray-per-capelli-volumizzante-e-texturizzante-100ml\/","og_locale":"it_IT","og_type":"article","og_title":"Spray per capelli naturale, volumizzante e texturizzante - Fragile Cosmetics","og_description":"Lo spray per capelli Rise volumizzante e texturizzante \u00e8 realizzato con una rara miscela composta da oltre il 99% di ingredienti naturali.","og_url":"https:\/\/fragilecosmetics.com\/it\/prodotto\/spray-per-capelli-volumizzante-e-texturizzante-100ml\/","og_site_name":"Fragile Cosmetics","article_publisher":"https:\/\/www.facebook.com\/fragilecosmetics-101335211725284","article_modified_time":"2025-10-09T08:57:05+00:00","og_image":[{"width":1063,"height":1063,"url":"https:\/\/fragilecosmetics.com\/wp-content\/uploads\/2021\/07\/rise-new.jpg","type":"image\/jpeg"}],"twitter_card":"summary_large_image","twitter_misc":{"Tempo di lettura stimato":"3 minuti"},"schema":{"@context":"https:\/\/schema.org","@graph":[{"@type":"WebPage","@id":"https:\/\/fragilecosmetics.com\/it\/prodotto\/spray-per-capelli-volumizzante-e-texturizzante-100ml\/","url":"https:\/\/fragilecosmetics.com\/it\/prodotto\/spray-per-capelli-volumizzante-e-texturizzante-100ml\/","name":"Spray per capelli naturale, volumizzante e texturizzante - Fragile Cosmetics","isPartOf":{"@id":"https:\/\/fragilecosmetics.com\/it\/#website"},"primaryImageOfPage":{"@id":"https:\/\/fragilecosmetics.com\/it\/prodotto\/spray-per-capelli-volumizzante-e-texturizzante-100ml\/#primaryimage"},"image":{"@id":"https:\/\/fragilecosmetics.com\/it\/prodotto\/spray-per-capelli-volumizzante-e-texturizzante-100ml\/#primaryimage"},"thumbnailUrl":"https:\/\/fragilecosmetics.com\/wp-content\/uploads\/2021\/07\/rise-new-copia.jpeg","datePublished":"2021-07-13T13:26:08+00:00","dateModified":"2025-10-09T08:57:05+00:00","description":"Lo spray per capelli Rise volumizzante e texturizzante \u00e8 realizzato con una rara miscela composta da oltre il 99% di ingredienti naturali.","breadcrumb":{"@id":"https:\/\/fragilecosmetics.com\/it\/prodotto\/spray-per-capelli-volumizzante-e-texturizzante-100ml\/#breadcrumb"},"inLanguage":"it-IT","potentialAction":[{"@type":"ReadAction","target":["https:\/\/fragilecosmetics.com\/it\/prodotto\/spray-per-capelli-volumizzante-e-texturizzante-100ml\/"]}]},{"@type":"ImageObject","inLanguage":"it-IT","@id":"https:\/\/fragilecosmetics.com\/it\/prodotto\/spray-per-capelli-volumizzante-e-texturizzante-100ml\/#primaryimage","url":"https:\/\/fragilecosmetics.com\/wp-content\/uploads\/2021\/07\/rise-new-copia.jpeg","contentUrl":"https:\/\/fragilecosmetics.com\/wp-content\/uploads\/2021\/07\/rise-new-copia.jpeg","width":1063,"height":1063},{"@type":"BreadcrumbList","@id":"https:\/\/fragilecosmetics.com\/it\/prodotto\/spray-per-capelli-volumizzante-e-texturizzante-100ml\/#breadcrumb","itemListElement":[{"@type":"ListItem","position":1,"name":"Home","item":"https:\/\/fragilecosmetics.com\/it\/"},{"@type":"ListItem","position":2,"name":"Negozio","item":"https:\/\/fragilecosmetics.com\/it\/negozio\/"},{"@type":"ListItem","position":3,"name":"\u2060\u2060Rise spray texturizzante + volumizzante"}]},{"@type":"WebSite","@id":"https:\/\/fragilecosmetics.com\/it\/#website","url":"https:\/\/fragilecosmetics.com\/it\/","name":"Fragile Cosmetics","description":"","publisher":{"@id":"https:\/\/fragilecosmetics.com\/it\/#organization"},"potentialAction":[{"@type":"SearchAction","target":{"@type":"EntryPoint","urlTemplate":"https:\/\/fragilecosmetics.com\/it\/?s={search_term_string}"},"query-input":{"@type":"PropertyValueSpecification","valueRequired":true,"valueName":"search_term_string"}}],"inLanguage":"it-IT"},{"@type":"Organization","@id":"https:\/\/fragilecosmetics.com\/it\/#organization","name":"Fragile Cosmetics Srl","url":"https:\/\/fragilecosmetics.com\/it\/","logo":{"@type":"ImageObject","inLanguage":"it-IT","@id":"https:\/\/fragilecosmetics.com\/it\/#\/schema\/logo\/image\/","url":"https:\/\/fragilecosmetics.com\/wp-content\/uploads\/2020\/08\/Logo-HD-nero.png","contentUrl":"https:\/\/fragilecosmetics.com\/wp-content\/uploads\/2020\/08\/Logo-HD-nero.png","width":400,"height":265,"caption":"Fragile Cosmetics Srl"},"image":{"@id":"https:\/\/fragilecosmetics.com\/it\/#\/schema\/logo\/image\/"},"sameAs":["https:\/\/www.facebook.com\/fragilecosmetics-101335211725284","https:\/\/www.instagram.com\/fragilecosmetics\/"]}]}},"_links":{"self":[{"href":"https:\/\/fragilecosmetics.com\/it\/wp-json\/wp\/v2\/product\/2618","targetHints":{"allow":["GET"]}}],"collection":[{"href":"https:\/\/fragilecosmetics.com\/it\/wp-json\/wp\/v2\/product"}],"about":[{"href":"https:\/\/fragilecosmetics.com\/it\/wp-json\/wp\/v2\/types\/product"}],"replies":[{"embeddable":true,"href":"https:\/\/fragilecosmetics.com\/it\/wp-json\/wp\/v2\/comments?post=2618"}],"wp:featuredmedia":[{"embeddable":true,"href":"https:\/\/fragilecosmetics.com\/it\/wp-json\/wp\/v2\/media\/5368"}],"wp:attachment":[{"href":"https:\/\/fragilecosmetics.com\/it\/wp-json\/wp\/v2\/media?parent=2618"}],"wp:term":[{"taxonomy":"product_brand","embeddable":true,"href":"https:\/\/fragilecosmetics.com\/it\/wp-json\/wp\/v2\/product_brand?post=2618"},{"taxonomy":"product_cat","embeddable":true,"href":"https:\/\/fragilecosmetics.com\/it\/wp-json\/wp\/v2\/product_cat?post=2618"},{"taxonomy":"product_tag","embeddable":true,"href":"https:\/\/fragilecosmetics.com\/it\/wp-json\/wp\/v2\/product_tag?post=2618"}],"curies":[{"name":"wp","href":"https:\/\/api.w.org\/{rel}","templated":true}]}}