{"id":3614,"date":"2021-07-11T10:26:16","date_gmt":"2021-07-11T08:26:16","guid":{"rendered":"https:\/\/fragilecosmetics.com\/?post_type=product&#038;p=3614"},"modified":"2025-10-09T10:55:31","modified_gmt":"2025-10-09T08:55:31","slug":"glow-flow","status":"publish","type":"product","link":"https:\/\/fragilecosmetics.com\/it\/prodotto\/glow-flow\/","title":{"rendered":"Glow + Flow"},"content":{"rendered":"<p><strong>Ingredienti attivi<\/strong><\/p>\n<p><strong>Estratto di avena biologico: <\/strong><span class=\"s1\">idrata le fibre capillari, favorisce la crescita dei capelli perch\u00e9 penetrano nel cuoio capelluto.<br \/>\nRafforza il fusto del capello e lenisce il cuoio capelluto sensibile, sempre con estrema dolcezza.<br \/>\nContiene beta-glucano, un polisaccaride che riveste i capelli di un film protettivo, come se fosse una guaina. Il risultato \u00e8 una chioma lucente come seta e morbida come velluto.<\/span><\/p>\n<p><strong>Estratto di cocco biologico: <\/strong>ricco di vitamina E, svolge una potente azione antiossidante contro i radicali liberi e, stimolando l&#8217;attivit\u00e0 dei bulbi piliferi e la circolazione sanguigna in tutta la cute. Contiene propriet\u00e0 anti-fungine, oltre ad idratare il cuoio capelluto. In grado di domare i capelli crespi, senza ungerli o appesantirli, disciplinandoli con dolcezza. Grazie alla sua struttura oleosa affine a quella dei nostri capelli, i grassi penetrano a fondo nella fibra capillare, idratandoli in profondit\u00e0 e rafforzandoli fin dal fusto, per capelli pi\u00f9 lucidi e nutriti.<\/p>\n<p><strong>Olio di canapa:<\/strong> aiuta a rafforzare i capelli, stimola la crescita dei capelli, alti livelli di antiossidanti proteggono dai danni ambientali. Propriet\u00e0 idratanti, perch\u00e9 previene la perdita d&#8217;acqua e assicura il giusto livello di umidit\u00e0, sia sulla chioma che sul cuoio capelluto.<\/p>\n<p><strong>Inci (tutti gli ingredienti)<\/strong><br \/>\n<strong>Glow: <\/strong>Aqua\/Water\/Eau, Cocamidopropyl Betaine, Sodium Lauroyl Methyl Isethionate Lauryl Glucoside, Sodium Methyl Oleoyl Taurate Acrylates Copolymer, Sodium Methyl Cocoyl Taurate Coco-Glucoside, Parfum\/Fragrance, Cannabis Sativa Seed Oil, Avena Sativa (Oat) Leaf\/Stalk Extract Cocos Nucifera (Coconut) Fruit Extract Citric Acid, Sodium Hydroxide Ethylhexylglycerin Benzyl Alcohol Sodium Benzoate Potassium Sorbate Limonene.<\/p>\n<p><strong>Flow:<\/strong> Aqua\/Water\/Eau, Distearoylethyl Dimonium Chloride, Cetearyl Alcohol, Myristyl Lactate, Parfum\/Fragrance, Myristyl Alcohol, Avena Sativa (Oat) Leaf\/Stalk Extract, Cocos Nucifera (Coconut) Fruit Extract, Cannabis Sativa Seed Oil, Polyglyceryl-4 Caprate, Polyglyceryl-3 Ricinoleate, Citric Acid, Glyceryl Laurate, Benzyl Alcohol, Sodium Benzoate, Potassium Sorbate, Limonene.<\/p>\n<p><b>Attenzione<\/b><br \/>\nSolo per uso esterno. Evitare il contatto con gli occhi. In caso di contatto, sciacquare abbondantemente con acqua.<\/p>\n","protected":false},"excerpt":{"rendered":"<p style=\"font-size: 12px;\">Glow \u00e8 realizzato con una miscela sostenibile di oltre il 97% di ingredienti naturali. Realizzato con raffinati estratti organici e oli botanici puri, questa formula concentrata deterge delicatamente tutti I tipi di capelli, lascia il cuoio capelluto idratato, equilibrato e capelli pi\u00f9 luminosi, pi\u00f9 forti. Naturalmente profumato con fresche note di giuggiola, fico, buccia di bergamotto, pesca e citronella. Dermatologicamente testato. Nickel test &lt; 1 ppm. Quantit\u00e0 100 ml.<\/p>\n<p style=\"font-size: 12px;\">Flow \u00e8 realizzato con una miscela unica di oltre il 98% di ingredienti naturali. Realizzata con raffinati estratti organici e oli botanici puri, questa formula ricostituente lascia tutti I tipi di capelli morbidi, setosi e luminosi. Naturalmente profumato con fresche note di giuggiola, fico, buccia di bergamotto, pesca e citronella. Dermatologicamente testato. Nickel test &lt; 1 ppm. Quantit\u00e0 100 ml.<\/p>\n<p style=\"font-size: 12px;\"><strong>Utilizzo<\/strong><br \/>\n<strong>Glow: <\/strong>bagnare semplicemente i capelli e crea una schiuma. Risciacquare bene. Per risultati ottimali, seguire con flow balsamo nutriente + illuminante.<br \/>\n<strong>Flow:<\/strong> dopo lo shampoo, massaggiare il balsamo sulle lunghezze dei capelli, inspirare e attendere 3 minuti. Risciacquare bene.<\/p>\n<p><img decoding=\"async\" class=\"alignnone wp-image-1997\" src=\"https:\/\/fragilecosmetics.com\/wp-content\/uploads\/2023\/11\/GLOW-FLOW-POISE.png\" alt=\"\" width=\"500\" \/><\/p>\n<p>(Spedizione Gratuita)<\/p>\n","protected":false},"featured_media":5374,"comment_status":"open","ping_status":"closed","template":"","meta":[],"product_brand":[],"product_cat":[107],"product_tag":[],"class_list":{"0":"post-3614","1":"product","2":"type-product","3":"status-publish","4":"has-post-thumbnail","6":"product_cat-non-categorizzato","8":"first","9":"instock","10":"taxable","11":"shipping-taxable","12":"purchasable","13":"product-type-simple"},"yoast_head":"<!-- This site is optimized with the Yoast SEO plugin v27.2 - https:\/\/yoast.com\/product\/yoast-seo-wordpress\/ -->\n<title>Glow shampoo, Flow balsamo - Fragile Cosmetics<\/title>\n<meta name=\"description\" content=\"Flow \u00e8 realizzato con una miscela unica di oltre il 98% di ingredienti naturali. Realizzata con raffinati estratti organici e oli botanici...\" \/>\n<meta name=\"robots\" content=\"index, follow, max-snippet:-1, max-image-preview:large, max-video-preview:-1\" \/>\n<link rel=\"canonical\" href=\"https:\/\/fragilecosmetics.com\/it\/prodotto\/glow-flow\/\" \/>\n<meta property=\"og:locale\" content=\"it_IT\" \/>\n<meta property=\"og:type\" content=\"article\" \/>\n<meta property=\"og:title\" content=\"Glow shampoo, Flow balsamo - Fragile Cosmetics\" \/>\n<meta property=\"og:description\" content=\"Flow \u00e8 realizzato con una miscela unica di oltre il 98% di ingredienti naturali. Realizzata con raffinati estratti organici e oli botanici...\" \/>\n<meta property=\"og:url\" content=\"https:\/\/fragilecosmetics.com\/it\/prodotto\/glow-flow\/\" \/>\n<meta property=\"og:site_name\" content=\"Fragile Cosmetics\" \/>\n<meta property=\"article:publisher\" content=\"https:\/\/www.facebook.com\/fragilecosmetics-101335211725284\" \/>\n<meta property=\"article:modified_time\" content=\"2025-10-09T08:55:31+00:00\" \/>\n<meta property=\"og:image\" content=\"https:\/\/fragilecosmetics.com\/wp-content\/uploads\/2021\/07\/glowflow1-1.jpg\" \/>\n\t<meta property=\"og:image:width\" content=\"1254\" \/>\n\t<meta property=\"og:image:height\" content=\"1254\" \/>\n\t<meta property=\"og:image:type\" content=\"image\/jpeg\" \/>\n<meta name=\"twitter:card\" content=\"summary_large_image\" \/>\n<meta name=\"twitter:label1\" content=\"Tempo di lettura stimato\" \/>\n\t<meta name=\"twitter:data1\" content=\"2 minuti\" \/>\n<script type=\"application\/ld+json\" class=\"yoast-schema-graph\">{\"@context\":\"https:\/\/schema.org\",\"@graph\":[{\"@type\":\"WebPage\",\"@id\":\"https:\/\/fragilecosmetics.com\/it\/prodotto\/glow-flow\/\",\"url\":\"https:\/\/fragilecosmetics.com\/it\/prodotto\/glow-flow\/\",\"name\":\"Glow shampoo, Flow balsamo - Fragile Cosmetics\",\"isPartOf\":{\"@id\":\"https:\/\/fragilecosmetics.com\/it\/#website\"},\"primaryImageOfPage\":{\"@id\":\"https:\/\/fragilecosmetics.com\/it\/prodotto\/glow-flow\/#primaryimage\"},\"image\":{\"@id\":\"https:\/\/fragilecosmetics.com\/it\/prodotto\/glow-flow\/#primaryimage\"},\"thumbnailUrl\":\"https:\/\/fragilecosmetics.com\/wp-content\/uploads\/2021\/07\/glow-sfondo-bianco-1-copia-3.jpg\",\"datePublished\":\"2021-07-11T08:26:16+00:00\",\"dateModified\":\"2025-10-09T08:55:31+00:00\",\"description\":\"Flow \u00e8 realizzato con una miscela unica di oltre il 98% di ingredienti naturali. Realizzata con raffinati estratti organici e oli botanici...\",\"breadcrumb\":{\"@id\":\"https:\/\/fragilecosmetics.com\/it\/prodotto\/glow-flow\/#breadcrumb\"},\"inLanguage\":\"it-IT\",\"potentialAction\":[{\"@type\":\"ReadAction\",\"target\":[\"https:\/\/fragilecosmetics.com\/it\/prodotto\/glow-flow\/\"]}]},{\"@type\":\"ImageObject\",\"inLanguage\":\"it-IT\",\"@id\":\"https:\/\/fragilecosmetics.com\/it\/prodotto\/glow-flow\/#primaryimage\",\"url\":\"https:\/\/fragilecosmetics.com\/wp-content\/uploads\/2021\/07\/glow-sfondo-bianco-1-copia-3.jpg\",\"contentUrl\":\"https:\/\/fragilecosmetics.com\/wp-content\/uploads\/2021\/07\/glow-sfondo-bianco-1-copia-3.jpg\",\"width\":1772,\"height\":1772},{\"@type\":\"BreadcrumbList\",\"@id\":\"https:\/\/fragilecosmetics.com\/it\/prodotto\/glow-flow\/#breadcrumb\",\"itemListElement\":[{\"@type\":\"ListItem\",\"position\":1,\"name\":\"Home\",\"item\":\"https:\/\/fragilecosmetics.com\/it\/\"},{\"@type\":\"ListItem\",\"position\":2,\"name\":\"Negozio\",\"item\":\"https:\/\/fragilecosmetics.com\/it\/negozio\/\"},{\"@type\":\"ListItem\",\"position\":3,\"name\":\"Glow + Flow\"}]},{\"@type\":\"WebSite\",\"@id\":\"https:\/\/fragilecosmetics.com\/it\/#website\",\"url\":\"https:\/\/fragilecosmetics.com\/it\/\",\"name\":\"Fragile Cosmetics\",\"description\":\"\",\"publisher\":{\"@id\":\"https:\/\/fragilecosmetics.com\/it\/#organization\"},\"potentialAction\":[{\"@type\":\"SearchAction\",\"target\":{\"@type\":\"EntryPoint\",\"urlTemplate\":\"https:\/\/fragilecosmetics.com\/it\/?s={search_term_string}\"},\"query-input\":{\"@type\":\"PropertyValueSpecification\",\"valueRequired\":true,\"valueName\":\"search_term_string\"}}],\"inLanguage\":\"it-IT\"},{\"@type\":\"Organization\",\"@id\":\"https:\/\/fragilecosmetics.com\/it\/#organization\",\"name\":\"Fragile Cosmetics Srl\",\"url\":\"https:\/\/fragilecosmetics.com\/it\/\",\"logo\":{\"@type\":\"ImageObject\",\"inLanguage\":\"it-IT\",\"@id\":\"https:\/\/fragilecosmetics.com\/it\/#\/schema\/logo\/image\/\",\"url\":\"https:\/\/fragilecosmetics.com\/wp-content\/uploads\/2020\/08\/Logo-HD-nero.png\",\"contentUrl\":\"https:\/\/fragilecosmetics.com\/wp-content\/uploads\/2020\/08\/Logo-HD-nero.png\",\"width\":400,\"height\":265,\"caption\":\"Fragile Cosmetics Srl\"},\"image\":{\"@id\":\"https:\/\/fragilecosmetics.com\/it\/#\/schema\/logo\/image\/\"},\"sameAs\":[\"https:\/\/www.facebook.com\/fragilecosmetics-101335211725284\",\"https:\/\/www.instagram.com\/fragilecosmetics\/\"]}]}<\/script>\n<!-- \/ Yoast SEO plugin. -->","yoast_head_json":{"title":"Glow shampoo, Flow balsamo - Fragile Cosmetics","description":"Flow \u00e8 realizzato con una miscela unica di oltre il 98% di ingredienti naturali. Realizzata con raffinati estratti organici e oli botanici...","robots":{"index":"index","follow":"follow","max-snippet":"max-snippet:-1","max-image-preview":"max-image-preview:large","max-video-preview":"max-video-preview:-1"},"canonical":"https:\/\/fragilecosmetics.com\/it\/prodotto\/glow-flow\/","og_locale":"it_IT","og_type":"article","og_title":"Glow shampoo, Flow balsamo - Fragile Cosmetics","og_description":"Flow \u00e8 realizzato con una miscela unica di oltre il 98% di ingredienti naturali. Realizzata con raffinati estratti organici e oli botanici...","og_url":"https:\/\/fragilecosmetics.com\/it\/prodotto\/glow-flow\/","og_site_name":"Fragile Cosmetics","article_publisher":"https:\/\/www.facebook.com\/fragilecosmetics-101335211725284","article_modified_time":"2025-10-09T08:55:31+00:00","og_image":[{"width":1254,"height":1254,"url":"https:\/\/fragilecosmetics.com\/wp-content\/uploads\/2021\/07\/glowflow1-1.jpg","type":"image\/jpeg"}],"twitter_card":"summary_large_image","twitter_misc":{"Tempo di lettura stimato":"2 minuti"},"schema":{"@context":"https:\/\/schema.org","@graph":[{"@type":"WebPage","@id":"https:\/\/fragilecosmetics.com\/it\/prodotto\/glow-flow\/","url":"https:\/\/fragilecosmetics.com\/it\/prodotto\/glow-flow\/","name":"Glow shampoo, Flow balsamo - Fragile Cosmetics","isPartOf":{"@id":"https:\/\/fragilecosmetics.com\/it\/#website"},"primaryImageOfPage":{"@id":"https:\/\/fragilecosmetics.com\/it\/prodotto\/glow-flow\/#primaryimage"},"image":{"@id":"https:\/\/fragilecosmetics.com\/it\/prodotto\/glow-flow\/#primaryimage"},"thumbnailUrl":"https:\/\/fragilecosmetics.com\/wp-content\/uploads\/2021\/07\/glow-sfondo-bianco-1-copia-3.jpg","datePublished":"2021-07-11T08:26:16+00:00","dateModified":"2025-10-09T08:55:31+00:00","description":"Flow \u00e8 realizzato con una miscela unica di oltre il 98% di ingredienti naturali. Realizzata con raffinati estratti organici e oli botanici...","breadcrumb":{"@id":"https:\/\/fragilecosmetics.com\/it\/prodotto\/glow-flow\/#breadcrumb"},"inLanguage":"it-IT","potentialAction":[{"@type":"ReadAction","target":["https:\/\/fragilecosmetics.com\/it\/prodotto\/glow-flow\/"]}]},{"@type":"ImageObject","inLanguage":"it-IT","@id":"https:\/\/fragilecosmetics.com\/it\/prodotto\/glow-flow\/#primaryimage","url":"https:\/\/fragilecosmetics.com\/wp-content\/uploads\/2021\/07\/glow-sfondo-bianco-1-copia-3.jpg","contentUrl":"https:\/\/fragilecosmetics.com\/wp-content\/uploads\/2021\/07\/glow-sfondo-bianco-1-copia-3.jpg","width":1772,"height":1772},{"@type":"BreadcrumbList","@id":"https:\/\/fragilecosmetics.com\/it\/prodotto\/glow-flow\/#breadcrumb","itemListElement":[{"@type":"ListItem","position":1,"name":"Home","item":"https:\/\/fragilecosmetics.com\/it\/"},{"@type":"ListItem","position":2,"name":"Negozio","item":"https:\/\/fragilecosmetics.com\/it\/negozio\/"},{"@type":"ListItem","position":3,"name":"Glow + Flow"}]},{"@type":"WebSite","@id":"https:\/\/fragilecosmetics.com\/it\/#website","url":"https:\/\/fragilecosmetics.com\/it\/","name":"Fragile Cosmetics","description":"","publisher":{"@id":"https:\/\/fragilecosmetics.com\/it\/#organization"},"potentialAction":[{"@type":"SearchAction","target":{"@type":"EntryPoint","urlTemplate":"https:\/\/fragilecosmetics.com\/it\/?s={search_term_string}"},"query-input":{"@type":"PropertyValueSpecification","valueRequired":true,"valueName":"search_term_string"}}],"inLanguage":"it-IT"},{"@type":"Organization","@id":"https:\/\/fragilecosmetics.com\/it\/#organization","name":"Fragile Cosmetics Srl","url":"https:\/\/fragilecosmetics.com\/it\/","logo":{"@type":"ImageObject","inLanguage":"it-IT","@id":"https:\/\/fragilecosmetics.com\/it\/#\/schema\/logo\/image\/","url":"https:\/\/fragilecosmetics.com\/wp-content\/uploads\/2020\/08\/Logo-HD-nero.png","contentUrl":"https:\/\/fragilecosmetics.com\/wp-content\/uploads\/2020\/08\/Logo-HD-nero.png","width":400,"height":265,"caption":"Fragile Cosmetics Srl"},"image":{"@id":"https:\/\/fragilecosmetics.com\/it\/#\/schema\/logo\/image\/"},"sameAs":["https:\/\/www.facebook.com\/fragilecosmetics-101335211725284","https:\/\/www.instagram.com\/fragilecosmetics\/"]}]}},"_links":{"self":[{"href":"https:\/\/fragilecosmetics.com\/it\/wp-json\/wp\/v2\/product\/3614","targetHints":{"allow":["GET"]}}],"collection":[{"href":"https:\/\/fragilecosmetics.com\/it\/wp-json\/wp\/v2\/product"}],"about":[{"href":"https:\/\/fragilecosmetics.com\/it\/wp-json\/wp\/v2\/types\/product"}],"replies":[{"embeddable":true,"href":"https:\/\/fragilecosmetics.com\/it\/wp-json\/wp\/v2\/comments?post=3614"}],"wp:featuredmedia":[{"embeddable":true,"href":"https:\/\/fragilecosmetics.com\/it\/wp-json\/wp\/v2\/media\/5374"}],"wp:attachment":[{"href":"https:\/\/fragilecosmetics.com\/it\/wp-json\/wp\/v2\/media?parent=3614"}],"wp:term":[{"taxonomy":"product_brand","embeddable":true,"href":"https:\/\/fragilecosmetics.com\/it\/wp-json\/wp\/v2\/product_brand?post=3614"},{"taxonomy":"product_cat","embeddable":true,"href":"https:\/\/fragilecosmetics.com\/it\/wp-json\/wp\/v2\/product_cat?post=3614"},{"taxonomy":"product_tag","embeddable":true,"href":"https:\/\/fragilecosmetics.com\/it\/wp-json\/wp\/v2\/product_tag?post=3614"}],"curies":[{"name":"wp","href":"https:\/\/api.w.org\/{rel}","templated":true}]}}