{"id":3896,"date":"2021-12-07T12:25:19","date_gmt":"2021-12-07T11:25:19","guid":{"rendered":"https:\/\/fragilecosmetics.com\/?post_type=product&#038;p=3896"},"modified":"2025-10-09T10:57:34","modified_gmt":"2025-10-09T08:57:34","slug":"glow-shampoo","status":"publish","type":"product","link":"https:\/\/fragilecosmetics.com\/it\/prodotto\/glow-shampoo\/","title":{"rendered":"Glow shampoo idratante + ristrutturante"},"content":{"rendered":"<p><strong>Ingredienti attivi<\/strong><\/p>\n<p><strong>Estratto di Avena Biologico:<\/strong> idrata le fibre dei capelli, favorisce la crescita dei capelli perch\u00e9 penetrano nel cuoio capelluto. Rinforza il fusto del capello e lenisce il cuoio capelluto sensibile, sempre con estrema delicatezza. Contiene beta-glucano, un polisaccaride che riveste il capello con un film protettivo, come se fosse una guaina. Il risultato \u00e8 un capello lucente come la seta e morbido come il velluto.<\/p>\n<p><strong>Estratto di Cocco Biologico:<\/strong> ricco di vitamina E, svolge una potente azione antiossidante contro i radicali liberi e, stimolando l&#8217;attivit\u00e0 dei bulbi piliferi e la circolazione sanguigna in tutta la cute. contiene propriet\u00e0 antimicotiche e idratanti del cuoio capelluto. Capace di domare i capelli crespi, senza ungerli o appesantirli, disciplinandoli dolcemente. Grazie alla sua struttura oleosa simile a quella dei nostri capelli, i grassi penetrano in profondit\u00e0 nella fibra capillare, idratandola in profondit\u00e0 e rinforzandola gi\u00e0 dallo stelo, per capelli pi\u00f9 luminosi e nutriti.<\/p>\n<p><strong>Olio di canapa:<\/strong> aiuta a rafforzare i capelli, stimola la crescita dei capelli, alti livelli di antiossidanti proteggono dai danni ambientali. propriet\u00e0 idratanti, perch\u00e9 previene la perdita d&#8217;acqua e assicura il giusto livello di umidit\u00e0, sia sui capelli che sul cuoio capelluto.<\/p>\n<p><strong>Inci (ingredienti)<\/strong><br \/>\nAqua\/Water\/Eau, Cocamidopropyl Betaine, Sodium Lauroyl Methyl Isethionate Lauryl Glucoside, Sodium Methyl Oleoyl Taurate Acrylates Copolymer, Sodium Methyl Cocoyl Taurate Coco-Glucoside, Parfum\/Fragrance, Cannabis Sativa Seed Oil, Avena Sativa (Oat) Leaf\/Stalk Extract Cocos Nucifera (Coconut) Fruit Extract Citric Acid, Sodium Hydroxide Ethylhexylglycerin Benzyl Alcohol Sodium Benzoate Potassium Sorbate Limonene.<\/p>\n<p><strong>Attenzione<\/strong><br \/>\nSolo per uso esterno. Evitare il contatto con gli occhi. In caso di contatto, sciacquare abbondantemente con acqua.<\/p>\n","protected":false},"excerpt":{"rendered":"<p>Ingredienti attivi Estratto di Avena Biologico: idrata le fibre dei capelli, favorisce la crescita dei capelli perch\u00e9 penetrano nel cuoio capelluto. Rinforza il fusto del capello e lenisce il cuoio&hellip;<\/p>\n","protected":false},"featured_media":4823,"comment_status":"open","ping_status":"closed","template":"","meta":[],"product_brand":[],"product_cat":[107],"product_tag":[],"class_list":{"0":"post-3896","1":"product","2":"type-product","3":"status-publish","4":"has-post-thumbnail","6":"product_cat-non-categorizzato","8":"first","9":"instock","10":"taxable","11":"shipping-taxable","12":"purchasable","13":"product-type-variable","14":"has-default-attributes"},"yoast_head":"<!-- This site is optimized with the Yoast SEO plugin v27.2 - https:\/\/yoast.com\/product\/yoast-seo-wordpress\/ -->\n<title>Glow Shampoo Rigenerante e Idratante - Fragile Cosmetics<\/title>\n<meta name=\"description\" content=\"Glow \u00e8 realizzato con una miscela sostenibile di oltre il 97% di ingredienti naturali. Realizzato con raffinati estratti organici e oli...\" \/>\n<meta name=\"robots\" content=\"index, follow, max-snippet:-1, max-image-preview:large, max-video-preview:-1\" \/>\n<link rel=\"canonical\" href=\"https:\/\/fragilecosmetics.com\/it\/prodotto\/glow-shampoo\/\" \/>\n<meta property=\"og:locale\" content=\"it_IT\" \/>\n<meta property=\"og:type\" content=\"article\" \/>\n<meta property=\"og:title\" content=\"Glow Shampoo Rigenerante e Idratante - Fragile Cosmetics\" \/>\n<meta property=\"og:description\" content=\"Glow \u00e8 realizzato con una miscela sostenibile di oltre il 97% di ingredienti naturali. Realizzato con raffinati estratti organici e oli...\" \/>\n<meta property=\"og:url\" content=\"https:\/\/fragilecosmetics.com\/it\/prodotto\/glow-shampoo\/\" \/>\n<meta property=\"og:site_name\" content=\"Fragile Cosmetics\" \/>\n<meta property=\"article:publisher\" content=\"https:\/\/www.facebook.com\/fragilecosmetics-101335211725284\" \/>\n<meta property=\"article:modified_time\" content=\"2025-10-09T08:57:34+00:00\" \/>\n<meta property=\"og:image\" content=\"https:\/\/fragilecosmetics.com\/wp-content\/uploads\/2021\/12\/GLOW1-1.jpg\" \/>\n\t<meta property=\"og:image:width\" content=\"1063\" \/>\n\t<meta property=\"og:image:height\" content=\"1063\" \/>\n\t<meta property=\"og:image:type\" content=\"image\/jpeg\" \/>\n<meta name=\"twitter:card\" content=\"summary_large_image\" \/>\n<meta name=\"twitter:label1\" content=\"Tempo di lettura stimato\" \/>\n\t<meta name=\"twitter:data1\" content=\"2 minuti\" \/>\n<script type=\"application\/ld+json\" class=\"yoast-schema-graph\">{\"@context\":\"https:\/\/schema.org\",\"@graph\":[{\"@type\":\"WebPage\",\"@id\":\"https:\/\/fragilecosmetics.com\/it\/prodotto\/glow-shampoo\/\",\"url\":\"https:\/\/fragilecosmetics.com\/it\/prodotto\/glow-shampoo\/\",\"name\":\"Glow Shampoo Rigenerante e Idratante - Fragile Cosmetics\",\"isPartOf\":{\"@id\":\"https:\/\/fragilecosmetics.com\/it\/#website\"},\"primaryImageOfPage\":{\"@id\":\"https:\/\/fragilecosmetics.com\/it\/prodotto\/glow-shampoo\/#primaryimage\"},\"image\":{\"@id\":\"https:\/\/fragilecosmetics.com\/it\/prodotto\/glow-shampoo\/#primaryimage\"},\"thumbnailUrl\":\"https:\/\/fragilecosmetics.com\/wp-content\/uploads\/2021\/12\/GLOW1-1.jpg\",\"datePublished\":\"2021-12-07T11:25:19+00:00\",\"dateModified\":\"2025-10-09T08:57:34+00:00\",\"description\":\"Glow \u00e8 realizzato con una miscela sostenibile di oltre il 97% di ingredienti naturali. Realizzato con raffinati estratti organici e oli...\",\"breadcrumb\":{\"@id\":\"https:\/\/fragilecosmetics.com\/it\/prodotto\/glow-shampoo\/#breadcrumb\"},\"inLanguage\":\"it-IT\",\"potentialAction\":[{\"@type\":\"ReadAction\",\"target\":[\"https:\/\/fragilecosmetics.com\/it\/prodotto\/glow-shampoo\/\"]}]},{\"@type\":\"ImageObject\",\"inLanguage\":\"it-IT\",\"@id\":\"https:\/\/fragilecosmetics.com\/it\/prodotto\/glow-shampoo\/#primaryimage\",\"url\":\"https:\/\/fragilecosmetics.com\/wp-content\/uploads\/2021\/12\/GLOW1-1.jpg\",\"contentUrl\":\"https:\/\/fragilecosmetics.com\/wp-content\/uploads\/2021\/12\/GLOW1-1.jpg\",\"width\":1063,\"height\":1063},{\"@type\":\"BreadcrumbList\",\"@id\":\"https:\/\/fragilecosmetics.com\/it\/prodotto\/glow-shampoo\/#breadcrumb\",\"itemListElement\":[{\"@type\":\"ListItem\",\"position\":1,\"name\":\"Home\",\"item\":\"https:\/\/fragilecosmetics.com\/it\/\"},{\"@type\":\"ListItem\",\"position\":2,\"name\":\"Negozio\",\"item\":\"https:\/\/fragilecosmetics.com\/it\/negozio\/\"},{\"@type\":\"ListItem\",\"position\":3,\"name\":\"Glow shampoo idratante + ristrutturante\"}]},{\"@type\":\"WebSite\",\"@id\":\"https:\/\/fragilecosmetics.com\/it\/#website\",\"url\":\"https:\/\/fragilecosmetics.com\/it\/\",\"name\":\"Fragile Cosmetics\",\"description\":\"\",\"publisher\":{\"@id\":\"https:\/\/fragilecosmetics.com\/it\/#organization\"},\"potentialAction\":[{\"@type\":\"SearchAction\",\"target\":{\"@type\":\"EntryPoint\",\"urlTemplate\":\"https:\/\/fragilecosmetics.com\/it\/?s={search_term_string}\"},\"query-input\":{\"@type\":\"PropertyValueSpecification\",\"valueRequired\":true,\"valueName\":\"search_term_string\"}}],\"inLanguage\":\"it-IT\"},{\"@type\":\"Organization\",\"@id\":\"https:\/\/fragilecosmetics.com\/it\/#organization\",\"name\":\"Fragile Cosmetics Srl\",\"url\":\"https:\/\/fragilecosmetics.com\/it\/\",\"logo\":{\"@type\":\"ImageObject\",\"inLanguage\":\"it-IT\",\"@id\":\"https:\/\/fragilecosmetics.com\/it\/#\/schema\/logo\/image\/\",\"url\":\"https:\/\/fragilecosmetics.com\/wp-content\/uploads\/2020\/08\/Logo-HD-nero.png\",\"contentUrl\":\"https:\/\/fragilecosmetics.com\/wp-content\/uploads\/2020\/08\/Logo-HD-nero.png\",\"width\":400,\"height\":265,\"caption\":\"Fragile Cosmetics Srl\"},\"image\":{\"@id\":\"https:\/\/fragilecosmetics.com\/it\/#\/schema\/logo\/image\/\"},\"sameAs\":[\"https:\/\/www.facebook.com\/fragilecosmetics-101335211725284\",\"https:\/\/www.instagram.com\/fragilecosmetics\/\"]}]}<\/script>\n<!-- \/ Yoast SEO plugin. -->","yoast_head_json":{"title":"Glow Shampoo Rigenerante e Idratante - Fragile Cosmetics","description":"Glow \u00e8 realizzato con una miscela sostenibile di oltre il 97% di ingredienti naturali. Realizzato con raffinati estratti organici e oli...","robots":{"index":"index","follow":"follow","max-snippet":"max-snippet:-1","max-image-preview":"max-image-preview:large","max-video-preview":"max-video-preview:-1"},"canonical":"https:\/\/fragilecosmetics.com\/it\/prodotto\/glow-shampoo\/","og_locale":"it_IT","og_type":"article","og_title":"Glow Shampoo Rigenerante e Idratante - Fragile Cosmetics","og_description":"Glow \u00e8 realizzato con una miscela sostenibile di oltre il 97% di ingredienti naturali. Realizzato con raffinati estratti organici e oli...","og_url":"https:\/\/fragilecosmetics.com\/it\/prodotto\/glow-shampoo\/","og_site_name":"Fragile Cosmetics","article_publisher":"https:\/\/www.facebook.com\/fragilecosmetics-101335211725284","article_modified_time":"2025-10-09T08:57:34+00:00","og_image":[{"width":1063,"height":1063,"url":"https:\/\/fragilecosmetics.com\/wp-content\/uploads\/2021\/12\/GLOW1-1.jpg","type":"image\/jpeg"}],"twitter_card":"summary_large_image","twitter_misc":{"Tempo di lettura stimato":"2 minuti"},"schema":{"@context":"https:\/\/schema.org","@graph":[{"@type":"WebPage","@id":"https:\/\/fragilecosmetics.com\/it\/prodotto\/glow-shampoo\/","url":"https:\/\/fragilecosmetics.com\/it\/prodotto\/glow-shampoo\/","name":"Glow Shampoo Rigenerante e Idratante - Fragile Cosmetics","isPartOf":{"@id":"https:\/\/fragilecosmetics.com\/it\/#website"},"primaryImageOfPage":{"@id":"https:\/\/fragilecosmetics.com\/it\/prodotto\/glow-shampoo\/#primaryimage"},"image":{"@id":"https:\/\/fragilecosmetics.com\/it\/prodotto\/glow-shampoo\/#primaryimage"},"thumbnailUrl":"https:\/\/fragilecosmetics.com\/wp-content\/uploads\/2021\/12\/GLOW1-1.jpg","datePublished":"2021-12-07T11:25:19+00:00","dateModified":"2025-10-09T08:57:34+00:00","description":"Glow \u00e8 realizzato con una miscela sostenibile di oltre il 97% di ingredienti naturali. Realizzato con raffinati estratti organici e oli...","breadcrumb":{"@id":"https:\/\/fragilecosmetics.com\/it\/prodotto\/glow-shampoo\/#breadcrumb"},"inLanguage":"it-IT","potentialAction":[{"@type":"ReadAction","target":["https:\/\/fragilecosmetics.com\/it\/prodotto\/glow-shampoo\/"]}]},{"@type":"ImageObject","inLanguage":"it-IT","@id":"https:\/\/fragilecosmetics.com\/it\/prodotto\/glow-shampoo\/#primaryimage","url":"https:\/\/fragilecosmetics.com\/wp-content\/uploads\/2021\/12\/GLOW1-1.jpg","contentUrl":"https:\/\/fragilecosmetics.com\/wp-content\/uploads\/2021\/12\/GLOW1-1.jpg","width":1063,"height":1063},{"@type":"BreadcrumbList","@id":"https:\/\/fragilecosmetics.com\/it\/prodotto\/glow-shampoo\/#breadcrumb","itemListElement":[{"@type":"ListItem","position":1,"name":"Home","item":"https:\/\/fragilecosmetics.com\/it\/"},{"@type":"ListItem","position":2,"name":"Negozio","item":"https:\/\/fragilecosmetics.com\/it\/negozio\/"},{"@type":"ListItem","position":3,"name":"Glow shampoo idratante + ristrutturante"}]},{"@type":"WebSite","@id":"https:\/\/fragilecosmetics.com\/it\/#website","url":"https:\/\/fragilecosmetics.com\/it\/","name":"Fragile Cosmetics","description":"","publisher":{"@id":"https:\/\/fragilecosmetics.com\/it\/#organization"},"potentialAction":[{"@type":"SearchAction","target":{"@type":"EntryPoint","urlTemplate":"https:\/\/fragilecosmetics.com\/it\/?s={search_term_string}"},"query-input":{"@type":"PropertyValueSpecification","valueRequired":true,"valueName":"search_term_string"}}],"inLanguage":"it-IT"},{"@type":"Organization","@id":"https:\/\/fragilecosmetics.com\/it\/#organization","name":"Fragile Cosmetics Srl","url":"https:\/\/fragilecosmetics.com\/it\/","logo":{"@type":"ImageObject","inLanguage":"it-IT","@id":"https:\/\/fragilecosmetics.com\/it\/#\/schema\/logo\/image\/","url":"https:\/\/fragilecosmetics.com\/wp-content\/uploads\/2020\/08\/Logo-HD-nero.png","contentUrl":"https:\/\/fragilecosmetics.com\/wp-content\/uploads\/2020\/08\/Logo-HD-nero.png","width":400,"height":265,"caption":"Fragile Cosmetics Srl"},"image":{"@id":"https:\/\/fragilecosmetics.com\/it\/#\/schema\/logo\/image\/"},"sameAs":["https:\/\/www.facebook.com\/fragilecosmetics-101335211725284","https:\/\/www.instagram.com\/fragilecosmetics\/"]}]}},"_links":{"self":[{"href":"https:\/\/fragilecosmetics.com\/it\/wp-json\/wp\/v2\/product\/3896","targetHints":{"allow":["GET"]}}],"collection":[{"href":"https:\/\/fragilecosmetics.com\/it\/wp-json\/wp\/v2\/product"}],"about":[{"href":"https:\/\/fragilecosmetics.com\/it\/wp-json\/wp\/v2\/types\/product"}],"replies":[{"embeddable":true,"href":"https:\/\/fragilecosmetics.com\/it\/wp-json\/wp\/v2\/comments?post=3896"}],"wp:featuredmedia":[{"embeddable":true,"href":"https:\/\/fragilecosmetics.com\/it\/wp-json\/wp\/v2\/media\/4823"}],"wp:attachment":[{"href":"https:\/\/fragilecosmetics.com\/it\/wp-json\/wp\/v2\/media?parent=3896"}],"wp:term":[{"taxonomy":"product_brand","embeddable":true,"href":"https:\/\/fragilecosmetics.com\/it\/wp-json\/wp\/v2\/product_brand?post=3896"},{"taxonomy":"product_cat","embeddable":true,"href":"https:\/\/fragilecosmetics.com\/it\/wp-json\/wp\/v2\/product_cat?post=3896"},{"taxonomy":"product_tag","embeddable":true,"href":"https:\/\/fragilecosmetics.com\/it\/wp-json\/wp\/v2\/product_tag?post=3896"}],"curies":[{"name":"wp","href":"https:\/\/api.w.org\/{rel}","templated":true}]}}