{"id":4372,"date":"2022-06-20T16:00:54","date_gmt":"2022-06-20T14:00:54","guid":{"rendered":"https:\/\/fragilecosmetics.com\/?post_type=product&#038;p=4372"},"modified":"2025-10-09T10:57:54","modified_gmt":"2025-10-09T08:57:54","slug":"rivitalizzante","status":"publish","type":"product","link":"https:\/\/fragilecosmetics.com\/it\/prodotto\/rivitalizzante\/","title":{"rendered":"Flirt spray lattiginoso rivitalizzante + districante per capelli senza risciacquo"},"content":{"rendered":"<p style=\"font-size: 12px;\"><strong>INGREDIENTI ATTIVI<\/strong><\/p>\n<p style=\"font-size: 12px;\"><strong>Succo di aloe vera biologica\u00a0<\/strong><\/p>\n<p>L&#8217;Aloe Vera stimola la crescita dei capelli e ne rallenta la caduta, rinforzando le strutture sottili.<br \/>\nAl suo interno si trovano aminoacidi, vitamine e minerali che contribuiscono a nutrire a fondo i capelli. \u00c8 ottima per disciplinare i capelli , in quanto agisce come un balsamo naturale, combattendo il crespo e rendendo i capelli districati, forti e definiti.<\/p>\n<p style=\"font-size: 12px;\"><strong>Olio di oliva biologico\u00a0<\/strong><\/p>\n<p>L\u2019olio extravergine d\u2019oliva, essendo ricco di vitamine A ed E, acidi grassi insaturi e beta-carotenene, \u00e8 utilissimo anche\u00a0per la bellezza e la salute dei capelli:\u00a0li nutre e li ammorbidisce, rigenera la fibra capillare e crea una guaina che li protegge da smog e agenti atmosferici.\u00a0\u00a0Molto utile\u00a0contro la debolezza e la caduta dei capelli, perch\u00e9 riesce a nutrire in profondit\u00e0 il bulbo pilifero irrobustendolo.<\/p>\n<p style=\"font-size: 12px;\"><strong>Saccaride isomerato (pentavitin)\u00a0<\/strong><\/p>\n<p>\u00c8 uno zucchero di origine vegetale che idrata in modo continuativo il cuoio capelluto e il capello, svolgendo un\u2019azione idratante, fortificante e protettiva. Si lega alla cheratina del capello e dura fino a 72 ore, anche dopo la doccia. \u00c8 ideale per combattere la secchezza e lo sfibramento del capello.<\/p>\n<p style=\"font-size: 12px;\"><strong>Estratto di carota\u00a0<\/strong><\/p>\n<p>Grazie alle sue propriet\u00e0 filmogene, l\u2019Olio di Carota protegge il capello dai raggi uv avvolgendoli in un leggero strato protettivo. La chioma apparir\u00e0 immediatamente pi\u00f9 forte e corposa. \u00c8 un ottimo alleato per la crescita dei capelli in quanto Le sue propriet\u00e0 emollienti e lenitive nutrono il cuoio capelluto stimolando l\u2019attivit\u00e0 dei follicoli piliferi.<\/p>\n<p style=\"font-size: 12px;\"><strong>Estratto di salice bianco\u00a0<\/strong><\/p>\n<p>Lascia i capelli maneggevoli, elastici, morbidi e lucenti e o dona volume, leggerezza e lucentezza<\/p>\n<p style=\"font-size: 12px;\"><strong>Estratto di Salicornia\u00a0<\/strong><\/p>\n<p style=\"font-size: 12px;\">Favorisce lo stoccaggio e il trasporto di acqua . Aumenta anche lo sviluppo degli enzimi coinvolti nella naturale produzione di lipidi .<\/p>\n<p style=\"font-size: 12px;\"><strong>Ingredienti :<\/strong> Aqua, Distearoylethyl dimonium chloride, Cetearyl alcohol, Aloe barbadensis leaf juice*, Glycerin, Cocos nucifera oil, Myristyl lactate, Tocopheryl acetate, Citric acid, Sodium benzoate, Potassium sorbate, Glycine soja protein, Tetrasodium glutamate diacetate, Saccharide isomerate, Butyrospermum parkii butter, Linum usitatissimum seed oil, Olea europaea fruit oil*, Oryza sativa bran oil, Theobroma cacao seed butter, Helianthus annuus seed oil, Salix alba bark extract, Parfum, Sodium hyaluronate, Caprylic\/capric triglyceride, Daucus carota sativa root extract, Juglans regia shell extract, Salicornia herbacea extract, d-Limonene, Linalyl acetate, Vanillin, Ethyl acetate, Sodium citrate, Beta-pinenes, Anisaldehyde, Maltol, Gamma-terpinene, 3-Hexenol, Tocopherol, Alpha-pinenes, Bisabolene, Neryl acetate, Terpinolene.<br \/>\n*denotes certified organic<\/p>\n<p>Attenzione Solo per uso esterno. Evitare il contatto con gli occhi. In caso di contatto, sciacquare abbondantemente con acqua.<\/p>\n","protected":false},"excerpt":{"rendered":"<p>INGREDIENTI ATTIVI Succo di aloe vera biologica\u00a0 L&#8217;Aloe Vera stimola la crescita dei capelli e ne rallenta la caduta, rinforzando le strutture sottili. Al suo interno si trovano aminoacidi, vitamine&hellip;<\/p>\n","protected":false},"featured_media":5354,"comment_status":"open","ping_status":"closed","template":"","meta":[],"product_brand":[],"product_cat":[107],"product_tag":[],"class_list":{"0":"post-4372","1":"product","2":"type-product","3":"status-publish","4":"has-post-thumbnail","6":"product_cat-non-categorizzato","8":"first","9":"instock","10":"taxable","11":"shipping-taxable","12":"purchasable","13":"product-type-variable","14":"has-default-attributes"},"yoast_head":"<!-- This site is optimized with the Yoast SEO plugin v27.2 - https:\/\/yoast.com\/product\/yoast-seo-wordpress\/ -->\n<title>Flirt spray lattiginoso rivitalizzante + districante per capelli senza risciacquo - Fragile Cosmetics<\/title>\n<meta name=\"robots\" content=\"index, follow, max-snippet:-1, max-image-preview:large, max-video-preview:-1\" \/>\n<link rel=\"canonical\" href=\"https:\/\/fragilecosmetics.com\/it\/prodotto\/rivitalizzante\/\" \/>\n<meta property=\"og:locale\" content=\"it_IT\" \/>\n<meta property=\"og:type\" content=\"article\" \/>\n<meta property=\"og:title\" content=\"Flirt spray lattiginoso rivitalizzante + districante per capelli senza risciacquo - Fragile Cosmetics\" \/>\n<meta property=\"og:description\" content=\"INGREDIENTI ATTIVI Succo di aloe vera biologica\u00a0 L&#8217;Aloe Vera stimola la crescita dei capelli e ne rallenta la caduta, rinforzando le strutture sottili. Al suo interno si trovano aminoacidi, vitamine&hellip;\" \/>\n<meta property=\"og:url\" content=\"https:\/\/fragilecosmetics.com\/it\/prodotto\/rivitalizzante\/\" \/>\n<meta property=\"og:site_name\" content=\"Fragile Cosmetics\" \/>\n<meta property=\"article:publisher\" content=\"https:\/\/www.facebook.com\/fragilecosmetics-101335211725284\" \/>\n<meta property=\"article:modified_time\" content=\"2025-10-09T08:57:54+00:00\" \/>\n<meta property=\"og:image\" content=\"https:\/\/fragilecosmetics.com\/wp-content\/uploads\/2022\/06\/FLIRT1o.jpg\" \/>\n\t<meta property=\"og:image:width\" content=\"1063\" \/>\n\t<meta property=\"og:image:height\" content=\"1063\" \/>\n\t<meta property=\"og:image:type\" content=\"image\/jpeg\" \/>\n<meta name=\"twitter:card\" content=\"summary_large_image\" \/>\n<meta name=\"twitter:label1\" content=\"Tempo di lettura stimato\" \/>\n\t<meta name=\"twitter:data1\" content=\"3 minuti\" \/>\n<script type=\"application\/ld+json\" class=\"yoast-schema-graph\">{\"@context\":\"https:\/\/schema.org\",\"@graph\":[{\"@type\":\"WebPage\",\"@id\":\"https:\/\/fragilecosmetics.com\/it\/prodotto\/rivitalizzante\/\",\"url\":\"https:\/\/fragilecosmetics.com\/it\/prodotto\/rivitalizzante\/\",\"name\":\"Flirt spray lattiginoso rivitalizzante + districante per capelli senza risciacquo - Fragile Cosmetics\",\"isPartOf\":{\"@id\":\"https:\/\/fragilecosmetics.com\/it\/#website\"},\"primaryImageOfPage\":{\"@id\":\"https:\/\/fragilecosmetics.com\/it\/prodotto\/rivitalizzante\/#primaryimage\"},\"image\":{\"@id\":\"https:\/\/fragilecosmetics.com\/it\/prodotto\/rivitalizzante\/#primaryimage\"},\"thumbnailUrl\":\"https:\/\/fragilecosmetics.com\/wp-content\/uploads\/2022\/06\/flirt-fondo-bianco-1-copia.jpeg\",\"datePublished\":\"2022-06-20T14:00:54+00:00\",\"dateModified\":\"2025-10-09T08:57:54+00:00\",\"breadcrumb\":{\"@id\":\"https:\/\/fragilecosmetics.com\/it\/prodotto\/rivitalizzante\/#breadcrumb\"},\"inLanguage\":\"it-IT\",\"potentialAction\":[{\"@type\":\"ReadAction\",\"target\":[\"https:\/\/fragilecosmetics.com\/it\/prodotto\/rivitalizzante\/\"]}]},{\"@type\":\"ImageObject\",\"inLanguage\":\"it-IT\",\"@id\":\"https:\/\/fragilecosmetics.com\/it\/prodotto\/rivitalizzante\/#primaryimage\",\"url\":\"https:\/\/fragilecosmetics.com\/wp-content\/uploads\/2022\/06\/flirt-fondo-bianco-1-copia.jpeg\",\"contentUrl\":\"https:\/\/fragilecosmetics.com\/wp-content\/uploads\/2022\/06\/flirt-fondo-bianco-1-copia.jpeg\",\"width\":1063,\"height\":1063},{\"@type\":\"BreadcrumbList\",\"@id\":\"https:\/\/fragilecosmetics.com\/it\/prodotto\/rivitalizzante\/#breadcrumb\",\"itemListElement\":[{\"@type\":\"ListItem\",\"position\":1,\"name\":\"Home\",\"item\":\"https:\/\/fragilecosmetics.com\/it\/\"},{\"@type\":\"ListItem\",\"position\":2,\"name\":\"Negozio\",\"item\":\"https:\/\/fragilecosmetics.com\/it\/negozio\/\"},{\"@type\":\"ListItem\",\"position\":3,\"name\":\"Flirt spray lattiginoso rivitalizzante + districante per capelli senza risciacquo\"}]},{\"@type\":\"WebSite\",\"@id\":\"https:\/\/fragilecosmetics.com\/it\/#website\",\"url\":\"https:\/\/fragilecosmetics.com\/it\/\",\"name\":\"Fragile Cosmetics\",\"description\":\"\",\"publisher\":{\"@id\":\"https:\/\/fragilecosmetics.com\/it\/#organization\"},\"potentialAction\":[{\"@type\":\"SearchAction\",\"target\":{\"@type\":\"EntryPoint\",\"urlTemplate\":\"https:\/\/fragilecosmetics.com\/it\/?s={search_term_string}\"},\"query-input\":{\"@type\":\"PropertyValueSpecification\",\"valueRequired\":true,\"valueName\":\"search_term_string\"}}],\"inLanguage\":\"it-IT\"},{\"@type\":\"Organization\",\"@id\":\"https:\/\/fragilecosmetics.com\/it\/#organization\",\"name\":\"Fragile Cosmetics Srl\",\"url\":\"https:\/\/fragilecosmetics.com\/it\/\",\"logo\":{\"@type\":\"ImageObject\",\"inLanguage\":\"it-IT\",\"@id\":\"https:\/\/fragilecosmetics.com\/it\/#\/schema\/logo\/image\/\",\"url\":\"https:\/\/fragilecosmetics.com\/wp-content\/uploads\/2020\/08\/Logo-HD-nero.png\",\"contentUrl\":\"https:\/\/fragilecosmetics.com\/wp-content\/uploads\/2020\/08\/Logo-HD-nero.png\",\"width\":400,\"height\":265,\"caption\":\"Fragile Cosmetics Srl\"},\"image\":{\"@id\":\"https:\/\/fragilecosmetics.com\/it\/#\/schema\/logo\/image\/\"},\"sameAs\":[\"https:\/\/www.facebook.com\/fragilecosmetics-101335211725284\",\"https:\/\/www.instagram.com\/fragilecosmetics\/\"]}]}<\/script>\n<!-- \/ Yoast SEO plugin. -->","yoast_head_json":{"title":"Flirt spray lattiginoso rivitalizzante + districante per capelli senza risciacquo - Fragile Cosmetics","robots":{"index":"index","follow":"follow","max-snippet":"max-snippet:-1","max-image-preview":"max-image-preview:large","max-video-preview":"max-video-preview:-1"},"canonical":"https:\/\/fragilecosmetics.com\/it\/prodotto\/rivitalizzante\/","og_locale":"it_IT","og_type":"article","og_title":"Flirt spray lattiginoso rivitalizzante + districante per capelli senza risciacquo - Fragile Cosmetics","og_description":"INGREDIENTI ATTIVI Succo di aloe vera biologica\u00a0 L&#8217;Aloe Vera stimola la crescita dei capelli e ne rallenta la caduta, rinforzando le strutture sottili. Al suo interno si trovano aminoacidi, vitamine&hellip;","og_url":"https:\/\/fragilecosmetics.com\/it\/prodotto\/rivitalizzante\/","og_site_name":"Fragile Cosmetics","article_publisher":"https:\/\/www.facebook.com\/fragilecosmetics-101335211725284","article_modified_time":"2025-10-09T08:57:54+00:00","og_image":[{"width":1063,"height":1063,"url":"https:\/\/fragilecosmetics.com\/wp-content\/uploads\/2022\/06\/FLIRT1o.jpg","type":"image\/jpeg"}],"twitter_card":"summary_large_image","twitter_misc":{"Tempo di lettura stimato":"3 minuti"},"schema":{"@context":"https:\/\/schema.org","@graph":[{"@type":"WebPage","@id":"https:\/\/fragilecosmetics.com\/it\/prodotto\/rivitalizzante\/","url":"https:\/\/fragilecosmetics.com\/it\/prodotto\/rivitalizzante\/","name":"Flirt spray lattiginoso rivitalizzante + districante per capelli senza risciacquo - Fragile Cosmetics","isPartOf":{"@id":"https:\/\/fragilecosmetics.com\/it\/#website"},"primaryImageOfPage":{"@id":"https:\/\/fragilecosmetics.com\/it\/prodotto\/rivitalizzante\/#primaryimage"},"image":{"@id":"https:\/\/fragilecosmetics.com\/it\/prodotto\/rivitalizzante\/#primaryimage"},"thumbnailUrl":"https:\/\/fragilecosmetics.com\/wp-content\/uploads\/2022\/06\/flirt-fondo-bianco-1-copia.jpeg","datePublished":"2022-06-20T14:00:54+00:00","dateModified":"2025-10-09T08:57:54+00:00","breadcrumb":{"@id":"https:\/\/fragilecosmetics.com\/it\/prodotto\/rivitalizzante\/#breadcrumb"},"inLanguage":"it-IT","potentialAction":[{"@type":"ReadAction","target":["https:\/\/fragilecosmetics.com\/it\/prodotto\/rivitalizzante\/"]}]},{"@type":"ImageObject","inLanguage":"it-IT","@id":"https:\/\/fragilecosmetics.com\/it\/prodotto\/rivitalizzante\/#primaryimage","url":"https:\/\/fragilecosmetics.com\/wp-content\/uploads\/2022\/06\/flirt-fondo-bianco-1-copia.jpeg","contentUrl":"https:\/\/fragilecosmetics.com\/wp-content\/uploads\/2022\/06\/flirt-fondo-bianco-1-copia.jpeg","width":1063,"height":1063},{"@type":"BreadcrumbList","@id":"https:\/\/fragilecosmetics.com\/it\/prodotto\/rivitalizzante\/#breadcrumb","itemListElement":[{"@type":"ListItem","position":1,"name":"Home","item":"https:\/\/fragilecosmetics.com\/it\/"},{"@type":"ListItem","position":2,"name":"Negozio","item":"https:\/\/fragilecosmetics.com\/it\/negozio\/"},{"@type":"ListItem","position":3,"name":"Flirt spray lattiginoso rivitalizzante + districante per capelli senza risciacquo"}]},{"@type":"WebSite","@id":"https:\/\/fragilecosmetics.com\/it\/#website","url":"https:\/\/fragilecosmetics.com\/it\/","name":"Fragile Cosmetics","description":"","publisher":{"@id":"https:\/\/fragilecosmetics.com\/it\/#organization"},"potentialAction":[{"@type":"SearchAction","target":{"@type":"EntryPoint","urlTemplate":"https:\/\/fragilecosmetics.com\/it\/?s={search_term_string}"},"query-input":{"@type":"PropertyValueSpecification","valueRequired":true,"valueName":"search_term_string"}}],"inLanguage":"it-IT"},{"@type":"Organization","@id":"https:\/\/fragilecosmetics.com\/it\/#organization","name":"Fragile Cosmetics Srl","url":"https:\/\/fragilecosmetics.com\/it\/","logo":{"@type":"ImageObject","inLanguage":"it-IT","@id":"https:\/\/fragilecosmetics.com\/it\/#\/schema\/logo\/image\/","url":"https:\/\/fragilecosmetics.com\/wp-content\/uploads\/2020\/08\/Logo-HD-nero.png","contentUrl":"https:\/\/fragilecosmetics.com\/wp-content\/uploads\/2020\/08\/Logo-HD-nero.png","width":400,"height":265,"caption":"Fragile Cosmetics Srl"},"image":{"@id":"https:\/\/fragilecosmetics.com\/it\/#\/schema\/logo\/image\/"},"sameAs":["https:\/\/www.facebook.com\/fragilecosmetics-101335211725284","https:\/\/www.instagram.com\/fragilecosmetics\/"]}]}},"_links":{"self":[{"href":"https:\/\/fragilecosmetics.com\/it\/wp-json\/wp\/v2\/product\/4372","targetHints":{"allow":["GET"]}}],"collection":[{"href":"https:\/\/fragilecosmetics.com\/it\/wp-json\/wp\/v2\/product"}],"about":[{"href":"https:\/\/fragilecosmetics.com\/it\/wp-json\/wp\/v2\/types\/product"}],"replies":[{"embeddable":true,"href":"https:\/\/fragilecosmetics.com\/it\/wp-json\/wp\/v2\/comments?post=4372"}],"wp:featuredmedia":[{"embeddable":true,"href":"https:\/\/fragilecosmetics.com\/it\/wp-json\/wp\/v2\/media\/5354"}],"wp:attachment":[{"href":"https:\/\/fragilecosmetics.com\/it\/wp-json\/wp\/v2\/media?parent=4372"}],"wp:term":[{"taxonomy":"product_brand","embeddable":true,"href":"https:\/\/fragilecosmetics.com\/it\/wp-json\/wp\/v2\/product_brand?post=4372"},{"taxonomy":"product_cat","embeddable":true,"href":"https:\/\/fragilecosmetics.com\/it\/wp-json\/wp\/v2\/product_cat?post=4372"},{"taxonomy":"product_tag","embeddable":true,"href":"https:\/\/fragilecosmetics.com\/it\/wp-json\/wp\/v2\/product_tag?post=4372"}],"curies":[{"name":"wp","href":"https:\/\/api.w.org\/{rel}","templated":true}]}}