{"id":4674,"date":"2023-04-12T10:16:02","date_gmt":"2023-04-12T08:16:02","guid":{"rendered":"https:\/\/fragilecosmetics.com\/?post_type=product&#038;p=4674"},"modified":"2025-10-09T10:58:34","modified_gmt":"2025-10-09T08:58:34","slug":"olio-ristrutturante-multiuso","status":"publish","type":"product","link":"https:\/\/fragilecosmetics.com\/it\/prodotto\/olio-ristrutturante-multiuso\/","title":{"rendered":"Bloom olio multifunzione + riparatore"},"content":{"rendered":"<p><strong>INGREDIENTI ATTIVI:<\/strong><br \/>\n<strong>Olio di girasole:<\/strong> ricco di beta-carotene, favorisce un tono uniforme della pelle, ripara e lenisce pelle e capelli.<\/p>\n<p><strong>Olio di crusca di riso:<\/strong> fornisce una protezione solare naturale, ricca di omega 3 e 6 aiuta a nutrire la pelle secca e i capelli.<\/p>\n<p><strong>Olio di fico d\u2019india<\/strong> Ripristina elasticit\u00e0 per una carnagione pi\u00f9 luminosa e pi\u00f9 uniforme con evidente riduzione dell&#8217;aspetto delle occhiaie scure, previene la formazione prematura delle rughe. Aiuta a idratare e prevenire la rottura dei capelli. Grazie alle grandi quantit\u00e0 di vitamina E, ripara e condiziona i capelli, donando loro pi\u00f9 volume e rendendoli pi\u00f9 lucenti.<\/p>\n<p><strong>Bakuchiol<\/strong> Clinicamente testato, ha dimostrato di ridurre i segni dell&#8217;invecchiamento, riducendo significativamente ruvidit\u00e0 e secchezza, levigando linee sottili e rughe, migliorando il tono, l&#8217;elasticit\u00e0, la compattezza e la luminosit\u00e0 della pelle. Previene la formazione della forfora e si ritiene che questo olio sia un vero e proprio elisir per il cuoio capelluto, capace di rendere pi\u00f9 lucenti i capelli e stimolarne la crescita.<\/p>\n<p><strong>Olio di semi di lino<\/strong> biologico Indicato per il trattamento della pelle del viso, del corpo e dei capelli grazie alla sua azione lucidante e rivitalizzante. L&#8217;acido linoleico regola l&#8217;idratazione, donando all&#8217;epidermide elasticit\u00e0 e resistenza. Grazie al suo potere seboregolatore e purificante, l&#8217;olio di semi di lino \u00e8 ottimo anche per combattere l&#8217;acne e ridurre i brufoli, con il vantaggio di avere anche un effetto antiet\u00e0, grazie alla ricchezza di vitamina E.<\/p>\n<p><strong>Olio di mandorle biologico:<\/strong> riduce l&#8217;infiammazione, leviga la pelle secca, aiuta a riparare e nutrire i capelli danneggiati<\/p>\n<p><strong>Calendula:<\/strong> aiuta a liberare i pori, guarisce la pelle danneggiata del corpo e del cuoio capelluto, rafforza i follicoli piliferi.<\/p>\n<p><strong>Olio di canapa:<\/strong> aiuta a costruire e donare forza dei capelli, stimola la crescita dei capelli. Gli alti livelli di antiossidanti proteggono dai danni ambientali.<\/p>\n<p><strong>Olio di borragine<\/strong> Con i suoi acidi grassi, vitamine, fitosteroli e antiossidanti, l&#8217;olio di borragine \u00e8 il miglior alleato per la pelle secca. Aiuta a limitare la perdita di acqua della pelle. La rende pi\u00f9 compatta ed elastica e ne rafforza la barriera lipidica. Previene la comparsa di rughe e linee sottili contribuendo al rinnovamento delle cellule della pelle. L&#8217;olio di borragine \u00e8 anche un ottimo rimedio naturale per la prevenzione delle smagliature. \u00c9 noto per restituire forza, lucentezza e luminosit\u00e0 ai capelli secchi, fragili, opachi e stanchi. La sua composizione lo rende anche molto efficace per aumentare la crescita dei capelli e combatterne la caduta.<\/p>\n<p><strong>Dermatologicalmente testato.Testato Nickel &lt; 1PPM<\/strong><\/p>\n<p><strong>ATTENZIONE:<\/strong> Solo per uso esterno. Evitare il contatto con gli occhi. In caso di contatto, sciacquare abbondantemente con acqua.<\/p>\n<p><strong>Inci (all ingredients)<\/strong><br \/>\nHelianthus annuus (Sunflower) seed oil, Oryza sativa (Rice) bran oil, Prunus amygdalus dulcis (Sweet almond) oil*, Isoamyl laurate, Bakuchiol, Tocopheryl acetate, Parfum [Fragrance], Olive oil decyl esters, Rosmarinus officinalis (Rosemary) leaf oil, Linum usitatissimum (Linseed) seed oil*, Lavandula angustifolia (Lavender) oil, Opuntia ficus-indica seed oil, Linalool, Squalene, Limonene, Caprylic\/capric triglyceride, Eugenol, Geraniol, Borago officinalis seed oil, Cannabis sativa seed oil, Tocopherol, Althaea officinalis leaf\/root extract, Calendula officinalis extract.<br \/>\n*denotes certified organic<\/p>\n<p>Attenzione Solo per uso esterno. Evitare il contatto con gli occhi. In caso di contatto, sciacquare abbondantemente con acqua.<\/p>\n<p><strong>Packaging<\/strong><br \/>\nIl nostro packaging di prodotti per il corpo e per i capelli naturali \u00e8 realizzato utilizzando materiali organici, sostenibili, riciclabili e biodegradabili. I contenitori sono in vetro con erogatori in alluminio e clip di sicurezza. Inoltre, gli astucci sono realizzati con una carta naturale, ecologica di alta qualit\u00e0. I residui della produzione tessile del cotone sono visibili sulla superficie e donano un aspetto tattile unico.<\/p>\n","protected":false},"excerpt":{"rendered":"<p>Bloom \u00e9 realizzato con una pregiata miscela di oli botanici puri al 100%. Questa nuova formula arricchita con bakuchiol e olio di fico d\u2019india ripristina nutre e migliora visibilmente pelle e capelli. Naturalmente profumato con note di rosmarino, lavanda e patchouli nero. E\u0300 adatto a tutti i tipi di pelle e capelli.<\/p>\n<p><strong>UTILIZZO<\/strong><br \/>\n<strong>Viso:<\/strong> massaggiare alcune gocce in movimenti circolari dopo la pulizia. Per un migliore assorbimento applicare sulla pelle umida.<br \/>\n<strong>Corpo:<\/strong> applicare su tutto il corpo, massaggiare consapevolmente. Per un migliore assorbimento applicare sulla pelle umida.<br \/>\n<strong>Capelli:<\/strong> applicare alcune gocce sul palmo delle mani, strofinare insieme. Massaggio pensato alle estremita\u0300 dei capelli umidi o asciutti.<\/p>\n<p><img decoding=\"async\" class=\"alignnone wp-image-4731\" src=\"https:\/\/fragilecosmetics.com\/wp-content\/uploads\/2023\/11\/BLOOM-FLIRT-RISE.png\" alt=\"\" width=\"500\" \/><\/p>\n","protected":false},"featured_media":5346,"comment_status":"open","ping_status":"closed","template":"","meta":[],"product_brand":[],"product_cat":[107],"product_tag":[],"class_list":{"0":"post-4674","1":"product","2":"type-product","3":"status-publish","4":"has-post-thumbnail","6":"product_cat-non-categorizzato","8":"first","9":"instock","10":"taxable","11":"shipping-taxable","12":"purchasable","13":"product-type-simple"},"yoast_head":"<!-- This site is optimized with the Yoast SEO plugin v27.2 - https:\/\/yoast.com\/product\/yoast-seo-wordpress\/ -->\n<title>Bloom olio multifunzione + riparatore - Fragile Cosmetics<\/title>\n<meta name=\"description\" content=\"Bloom \u00e9 realizzato con una pregiata miscela di oli botanici puri al 100%. Questa nuova formula arricchita con bakuchiol e olio di fico d\u2019india...\" \/>\n<meta name=\"robots\" content=\"index, follow, max-snippet:-1, max-image-preview:large, max-video-preview:-1\" \/>\n<link rel=\"canonical\" href=\"https:\/\/fragilecosmetics.com\/it\/prodotto\/olio-ristrutturante-multiuso\/\" \/>\n<meta property=\"og:locale\" content=\"it_IT\" \/>\n<meta property=\"og:type\" content=\"article\" \/>\n<meta property=\"og:title\" content=\"Bloom olio multifunzione + riparatore - Fragile Cosmetics\" \/>\n<meta property=\"og:description\" content=\"Bloom \u00e9 realizzato con una pregiata miscela di oli botanici puri al 100%. Questa nuova formula arricchita con bakuchiol e olio di fico d\u2019india...\" \/>\n<meta property=\"og:url\" content=\"https:\/\/fragilecosmetics.com\/it\/prodotto\/olio-ristrutturante-multiuso\/\" \/>\n<meta property=\"og:site_name\" content=\"Fragile Cosmetics\" \/>\n<meta property=\"article:publisher\" content=\"https:\/\/www.facebook.com\/fragilecosmetics-101335211725284\" \/>\n<meta property=\"article:modified_time\" content=\"2025-10-09T08:58:34+00:00\" \/>\n<meta property=\"og:image\" content=\"https:\/\/fragilecosmetics.com\/wp-content\/uploads\/2023\/04\/BLOOM1.jpg\" \/>\n\t<meta property=\"og:image:width\" content=\"1000\" \/>\n\t<meta property=\"og:image:height\" content=\"1000\" \/>\n\t<meta property=\"og:image:type\" content=\"image\/jpeg\" \/>\n<meta name=\"twitter:card\" content=\"summary_large_image\" \/>\n<meta name=\"twitter:label1\" content=\"Tempo di lettura stimato\" \/>\n\t<meta name=\"twitter:data1\" content=\"4 minuti\" \/>\n<script type=\"application\/ld+json\" class=\"yoast-schema-graph\">{\"@context\":\"https:\/\/schema.org\",\"@graph\":[{\"@type\":\"WebPage\",\"@id\":\"https:\/\/fragilecosmetics.com\/it\/prodotto\/olio-ristrutturante-multiuso\/\",\"url\":\"https:\/\/fragilecosmetics.com\/it\/prodotto\/olio-ristrutturante-multiuso\/\",\"name\":\"Bloom olio multifunzione + riparatore - Fragile Cosmetics\",\"isPartOf\":{\"@id\":\"https:\/\/fragilecosmetics.com\/it\/#website\"},\"primaryImageOfPage\":{\"@id\":\"https:\/\/fragilecosmetics.com\/it\/prodotto\/olio-ristrutturante-multiuso\/#primaryimage\"},\"image\":{\"@id\":\"https:\/\/fragilecosmetics.com\/it\/prodotto\/olio-ristrutturante-multiuso\/#primaryimage\"},\"thumbnailUrl\":\"https:\/\/fragilecosmetics.com\/wp-content\/uploads\/2023\/04\/bloom-fondo-bianco1-copia.jpg\",\"datePublished\":\"2023-04-12T08:16:02+00:00\",\"dateModified\":\"2025-10-09T08:58:34+00:00\",\"description\":\"Bloom \u00e9 realizzato con una pregiata miscela di oli botanici puri al 100%. Questa nuova formula arricchita con bakuchiol e olio di fico d\u2019india...\",\"breadcrumb\":{\"@id\":\"https:\/\/fragilecosmetics.com\/it\/prodotto\/olio-ristrutturante-multiuso\/#breadcrumb\"},\"inLanguage\":\"it-IT\",\"potentialAction\":[{\"@type\":\"ReadAction\",\"target\":[\"https:\/\/fragilecosmetics.com\/it\/prodotto\/olio-ristrutturante-multiuso\/\"]}]},{\"@type\":\"ImageObject\",\"inLanguage\":\"it-IT\",\"@id\":\"https:\/\/fragilecosmetics.com\/it\/prodotto\/olio-ristrutturante-multiuso\/#primaryimage\",\"url\":\"https:\/\/fragilecosmetics.com\/wp-content\/uploads\/2023\/04\/bloom-fondo-bianco1-copia.jpg\",\"contentUrl\":\"https:\/\/fragilecosmetics.com\/wp-content\/uploads\/2023\/04\/bloom-fondo-bianco1-copia.jpg\",\"width\":1400,\"height\":1400},{\"@type\":\"BreadcrumbList\",\"@id\":\"https:\/\/fragilecosmetics.com\/it\/prodotto\/olio-ristrutturante-multiuso\/#breadcrumb\",\"itemListElement\":[{\"@type\":\"ListItem\",\"position\":1,\"name\":\"Home\",\"item\":\"https:\/\/fragilecosmetics.com\/it\/\"},{\"@type\":\"ListItem\",\"position\":2,\"name\":\"Negozio\",\"item\":\"https:\/\/fragilecosmetics.com\/it\/negozio\/\"},{\"@type\":\"ListItem\",\"position\":3,\"name\":\"Bloom olio multifunzione + riparatore\"}]},{\"@type\":\"WebSite\",\"@id\":\"https:\/\/fragilecosmetics.com\/it\/#website\",\"url\":\"https:\/\/fragilecosmetics.com\/it\/\",\"name\":\"Fragile Cosmetics\",\"description\":\"\",\"publisher\":{\"@id\":\"https:\/\/fragilecosmetics.com\/it\/#organization\"},\"potentialAction\":[{\"@type\":\"SearchAction\",\"target\":{\"@type\":\"EntryPoint\",\"urlTemplate\":\"https:\/\/fragilecosmetics.com\/it\/?s={search_term_string}\"},\"query-input\":{\"@type\":\"PropertyValueSpecification\",\"valueRequired\":true,\"valueName\":\"search_term_string\"}}],\"inLanguage\":\"it-IT\"},{\"@type\":\"Organization\",\"@id\":\"https:\/\/fragilecosmetics.com\/it\/#organization\",\"name\":\"Fragile Cosmetics Srl\",\"url\":\"https:\/\/fragilecosmetics.com\/it\/\",\"logo\":{\"@type\":\"ImageObject\",\"inLanguage\":\"it-IT\",\"@id\":\"https:\/\/fragilecosmetics.com\/it\/#\/schema\/logo\/image\/\",\"url\":\"https:\/\/fragilecosmetics.com\/wp-content\/uploads\/2020\/08\/Logo-HD-nero.png\",\"contentUrl\":\"https:\/\/fragilecosmetics.com\/wp-content\/uploads\/2020\/08\/Logo-HD-nero.png\",\"width\":400,\"height\":265,\"caption\":\"Fragile Cosmetics Srl\"},\"image\":{\"@id\":\"https:\/\/fragilecosmetics.com\/it\/#\/schema\/logo\/image\/\"},\"sameAs\":[\"https:\/\/www.facebook.com\/fragilecosmetics-101335211725284\",\"https:\/\/www.instagram.com\/fragilecosmetics\/\"]}]}<\/script>\n<!-- \/ Yoast SEO plugin. -->","yoast_head_json":{"title":"Bloom olio multifunzione + riparatore - Fragile Cosmetics","description":"Bloom \u00e9 realizzato con una pregiata miscela di oli botanici puri al 100%. Questa nuova formula arricchita con bakuchiol e olio di fico d\u2019india...","robots":{"index":"index","follow":"follow","max-snippet":"max-snippet:-1","max-image-preview":"max-image-preview:large","max-video-preview":"max-video-preview:-1"},"canonical":"https:\/\/fragilecosmetics.com\/it\/prodotto\/olio-ristrutturante-multiuso\/","og_locale":"it_IT","og_type":"article","og_title":"Bloom olio multifunzione + riparatore - Fragile Cosmetics","og_description":"Bloom \u00e9 realizzato con una pregiata miscela di oli botanici puri al 100%. Questa nuova formula arricchita con bakuchiol e olio di fico d\u2019india...","og_url":"https:\/\/fragilecosmetics.com\/it\/prodotto\/olio-ristrutturante-multiuso\/","og_site_name":"Fragile Cosmetics","article_publisher":"https:\/\/www.facebook.com\/fragilecosmetics-101335211725284","article_modified_time":"2025-10-09T08:58:34+00:00","og_image":[{"width":1000,"height":1000,"url":"https:\/\/fragilecosmetics.com\/wp-content\/uploads\/2023\/04\/BLOOM1.jpg","type":"image\/jpeg"}],"twitter_card":"summary_large_image","twitter_misc":{"Tempo di lettura stimato":"4 minuti"},"schema":{"@context":"https:\/\/schema.org","@graph":[{"@type":"WebPage","@id":"https:\/\/fragilecosmetics.com\/it\/prodotto\/olio-ristrutturante-multiuso\/","url":"https:\/\/fragilecosmetics.com\/it\/prodotto\/olio-ristrutturante-multiuso\/","name":"Bloom olio multifunzione + riparatore - Fragile Cosmetics","isPartOf":{"@id":"https:\/\/fragilecosmetics.com\/it\/#website"},"primaryImageOfPage":{"@id":"https:\/\/fragilecosmetics.com\/it\/prodotto\/olio-ristrutturante-multiuso\/#primaryimage"},"image":{"@id":"https:\/\/fragilecosmetics.com\/it\/prodotto\/olio-ristrutturante-multiuso\/#primaryimage"},"thumbnailUrl":"https:\/\/fragilecosmetics.com\/wp-content\/uploads\/2023\/04\/bloom-fondo-bianco1-copia.jpg","datePublished":"2023-04-12T08:16:02+00:00","dateModified":"2025-10-09T08:58:34+00:00","description":"Bloom \u00e9 realizzato con una pregiata miscela di oli botanici puri al 100%. Questa nuova formula arricchita con bakuchiol e olio di fico d\u2019india...","breadcrumb":{"@id":"https:\/\/fragilecosmetics.com\/it\/prodotto\/olio-ristrutturante-multiuso\/#breadcrumb"},"inLanguage":"it-IT","potentialAction":[{"@type":"ReadAction","target":["https:\/\/fragilecosmetics.com\/it\/prodotto\/olio-ristrutturante-multiuso\/"]}]},{"@type":"ImageObject","inLanguage":"it-IT","@id":"https:\/\/fragilecosmetics.com\/it\/prodotto\/olio-ristrutturante-multiuso\/#primaryimage","url":"https:\/\/fragilecosmetics.com\/wp-content\/uploads\/2023\/04\/bloom-fondo-bianco1-copia.jpg","contentUrl":"https:\/\/fragilecosmetics.com\/wp-content\/uploads\/2023\/04\/bloom-fondo-bianco1-copia.jpg","width":1400,"height":1400},{"@type":"BreadcrumbList","@id":"https:\/\/fragilecosmetics.com\/it\/prodotto\/olio-ristrutturante-multiuso\/#breadcrumb","itemListElement":[{"@type":"ListItem","position":1,"name":"Home","item":"https:\/\/fragilecosmetics.com\/it\/"},{"@type":"ListItem","position":2,"name":"Negozio","item":"https:\/\/fragilecosmetics.com\/it\/negozio\/"},{"@type":"ListItem","position":3,"name":"Bloom olio multifunzione + riparatore"}]},{"@type":"WebSite","@id":"https:\/\/fragilecosmetics.com\/it\/#website","url":"https:\/\/fragilecosmetics.com\/it\/","name":"Fragile Cosmetics","description":"","publisher":{"@id":"https:\/\/fragilecosmetics.com\/it\/#organization"},"potentialAction":[{"@type":"SearchAction","target":{"@type":"EntryPoint","urlTemplate":"https:\/\/fragilecosmetics.com\/it\/?s={search_term_string}"},"query-input":{"@type":"PropertyValueSpecification","valueRequired":true,"valueName":"search_term_string"}}],"inLanguage":"it-IT"},{"@type":"Organization","@id":"https:\/\/fragilecosmetics.com\/it\/#organization","name":"Fragile Cosmetics Srl","url":"https:\/\/fragilecosmetics.com\/it\/","logo":{"@type":"ImageObject","inLanguage":"it-IT","@id":"https:\/\/fragilecosmetics.com\/it\/#\/schema\/logo\/image\/","url":"https:\/\/fragilecosmetics.com\/wp-content\/uploads\/2020\/08\/Logo-HD-nero.png","contentUrl":"https:\/\/fragilecosmetics.com\/wp-content\/uploads\/2020\/08\/Logo-HD-nero.png","width":400,"height":265,"caption":"Fragile Cosmetics Srl"},"image":{"@id":"https:\/\/fragilecosmetics.com\/it\/#\/schema\/logo\/image\/"},"sameAs":["https:\/\/www.facebook.com\/fragilecosmetics-101335211725284","https:\/\/www.instagram.com\/fragilecosmetics\/"]}]}},"_links":{"self":[{"href":"https:\/\/fragilecosmetics.com\/it\/wp-json\/wp\/v2\/product\/4674","targetHints":{"allow":["GET"]}}],"collection":[{"href":"https:\/\/fragilecosmetics.com\/it\/wp-json\/wp\/v2\/product"}],"about":[{"href":"https:\/\/fragilecosmetics.com\/it\/wp-json\/wp\/v2\/types\/product"}],"replies":[{"embeddable":true,"href":"https:\/\/fragilecosmetics.com\/it\/wp-json\/wp\/v2\/comments?post=4674"}],"wp:featuredmedia":[{"embeddable":true,"href":"https:\/\/fragilecosmetics.com\/it\/wp-json\/wp\/v2\/media\/5346"}],"wp:attachment":[{"href":"https:\/\/fragilecosmetics.com\/it\/wp-json\/wp\/v2\/media?parent=4674"}],"wp:term":[{"taxonomy":"product_brand","embeddable":true,"href":"https:\/\/fragilecosmetics.com\/it\/wp-json\/wp\/v2\/product_brand?post=4674"},{"taxonomy":"product_cat","embeddable":true,"href":"https:\/\/fragilecosmetics.com\/it\/wp-json\/wp\/v2\/product_cat?post=4674"},{"taxonomy":"product_tag","embeddable":true,"href":"https:\/\/fragilecosmetics.com\/it\/wp-json\/wp\/v2\/product_tag?post=4674"}],"curies":[{"name":"wp","href":"https:\/\/api.w.org\/{rel}","templated":true}]}}