{"id":4903,"date":"2023-11-20T09:43:10","date_gmt":"2023-11-20T08:43:10","guid":{"rendered":"https:\/\/fragilecosmetics.com\/?post_type=product&#038;p=4903"},"modified":"2025-10-09T10:58:46","modified_gmt":"2025-10-09T08:58:46","slug":"poise-siero-per-il-cuoio-capelluto-purificante-fortificante","status":"publish","type":"product","link":"https:\/\/fragilecosmetics.com\/it\/prodotto\/poise-siero-per-il-cuoio-capelluto-purificante-fortificante\/","title":{"rendered":"Poise siero purificante + fortificante per il cuoio capelluto"},"content":{"rendered":"<p><strong>INGREDIENTI ATTIVI<\/strong><br \/>\n<strong>Estratto di Menta Piperita (Mentha Piperita Leaf Extract). *organico<\/strong> Dona freschezza e favorisce il microcircolo sulla cute. \u00c8 un ottimo stimolante, riduce gli arrossamenti, irritazioni cutanee e calma il prurito purificando il cuoio capelluto.<br \/>\n<strong>Estratto di liquirizia (Glycyrrhiza glabra root extract)<\/strong> Grazie alle sue propriet\u00e0 emollienti, rinfrescanti e lenitive su cuoio capelluto, \u00e8 un attivo fondamentale per aiutare una cute sensibile e irritata e in caso di prurito e desquamazione. Inoltre ha propriet\u00e0 immunostimolanti, antinfiammatorie, antimicrobiche e antiossidanti.<br \/>\n<strong>Aceto di mele (Acetum)<\/strong> Rinforza i capelli e ne previene la caduta, reintegrando i sali minerali mancanti e rendendo cos\u00ec i capelli pi\u00f9 forti dalla radice fino alle punte. Favorisce una crescita sana dei capelli grazie alle sue propriet\u00e0 antisettiche e disinfettanti che puliscono i follicoli piliferi e stimolano la circolazione. Aiuta a regolare il livello di acidit\u00e0 ripristinando il corretto PH e riequilibrando la produzione di sebo. In questo modo previene la desquamazione del cuoio capelluto e la formazione di forfora.<br \/>\n<strong>Caffeina (Caffeine)<\/strong> La caffeina stimola la circolazione sanguigna, apportando alle cellule ossigeno e nutrienti. Il suo potere altamente stimolante aiuta anche gli altri ingredienti attivi a essere pi\u00f9 efficienti. Stimola le attivit\u00e0 delle cellule del follicolo pilifero, aiutando in caso di caduta dei capelli.<br \/>\n<strong>Estratto di camelia (Camelia sinensis leaf extract)<\/strong> Grazie al suo grande contenuto di polifenoli e di antiossidanti, il t\u00e8 verde promuove la crescita dei capelli. Inoltre le catechine in esso hanno propriet\u00e0 che aiutano a bloccare DHT (diidrotestosterone), una delle cause principali della perdita di capelli. Aiuta a prevenire problemi come cute secca e forfora.<br \/>\n<strong>Estratto di ortica (Urtica diodica nettle leaf extract) * organic<\/strong> Estratto, ricco di polifenoli, vitamine A-C e minerali, risulta astringente e tonico in tutti i casi di cute e capelli grassi e impuri. Aiuta a prevenire la caduta dei capelli, a favorirne la ricrescita e a prevenire la forfora.<br \/>\n<strong>Estratto di Amamelide (Hamamelis virginiana witch hazel leaf extract) *organic<\/strong> Aiuta a ridurre l&#8217;irritazione e l&#8217;infiammazione del cuoio capelluto, in caso di forfora e secchezza cutanea.<br \/>\n<strong>Estratto di Ginseng (Panax ginseng root extract)<\/strong> Stimolando la circolazione sanguigna, l&#8217;estratto di Ginseng apporta nutrimento al cuoio capelluto, rinforza i follicoli e le radici dei capelli. Non solo promuove la crescita di nuovi capelli, ma ne previene anche l&#8217;indebolimento e la rottura. La radice di Ginseng \u00e8 ricca di Saponina, una sostanza antibatterica che contribuisce ad eliminare la forfora dalla cute e ne previene la ricomparsa.<br \/>\n<strong>Estratto di Zenzero (Zingiber officinale ginger root extract)<\/strong> Favorisce la circolazione del cuoio capelluto, stimola i bulbi piliferi e promuove una crescita pi\u00f9 veloce dei capelli. Grazie alla sua azione, la chioma appare pi\u00f9 forte, sana e voluminosa.<br \/>\n<strong>Acetyl tetrapeptide- 3<\/strong> Peptide che stimola le proteine della matrice extracellulare della papilla dermica che a loro volta hanno un effetto diretto sulle strutture che circondano i follicoli piliferi. Questo aiuta ad ancorare la fibra capillare al cuoio capelluto, rafforzando le ciocche e combattendo le cause della caduta dei capelli. Combinando questo ingrediente con l&#8217;Estratto di Trifoglio Rosso, i benefici possono essere accelerati aiutando a migliorare la circolazione sanguigna alle radici e aumentando lo spessore ed il volume dei capelli.<br \/>\n<strong>Estratto di trifoglio rosso (Trifolium pratense clover flower extract)<\/strong> Supporta l\u2019ancoraggio delle fibre dei capelli nel cuoio capelluto, sostenendo il ciclo di crescita dei capelli mantenendo la struttura dei follicoli piliferi e Riducendo la caduta dei capelli. Riduce l\u2019infiammazione normalizzando il ciclo del capello. combatte il processo di invecchiamento del follicolo pilifero per prevenire la caduta dei capelli e riduce le infiammazioni croniche grazie alla biochinina A.<br \/>\n<strong>Pullulano (Pullulan)<\/strong> Polisaccaride naturale prodotto dal fungo Aureobasidium. dalle propriet\u00e0 anti-invecchiamento. Esso produce una pellicola continua sulla cute e i capelli agendo come filmogeno donando protezione e morbidezza.<br \/>\n<strong>Ialuronato di sodio (Sodium hyaluronate)<\/strong> Migliora le condizioni di secchezza della cute danneggiata riducendone la desquamazione e ripristinando l&#8217;elasticit\u00e0 della capigliatura: fornisce un\u2019idratazione profonda del cuoio capelluto con un notevole miglioramento della qualit\u00e0 dei capelli che diventano morbidi, pettinabili, lucenti e dall\u2019aspetto sano e pi\u00f9 voluminoso.<br \/>\n<strong>INGREDIENTS\/INGREDI\u00c9NTS<\/strong><br \/>\nAqua [Water], Acetum, Glycerin, Sodium benzoate, Potassium sorbate, Cyamopsis tetragonoloba (guar) gum, Mentha piperita (Peppermint) leaf extract*, Rosmarinus officinalis (Rosemary) leaf oil, Glycyrrhiza glabra (Licorice) root extract, Lavandula angustifolia (Lavender) oil, Caffeine, Pullulan, Parfum [Fragrance], Tetrasodium glutamate diacetate, Guar hydroxypropyltrimonium chloride, Citric acid, Camellia sinensis leaf extract, Urtica dioica (Nettle) leaf extract*, Maltodextrin, Sodium hyaluronate, Tocopheryl acetate, Hamamelis virginiana (Witch hazel) leaf extract*, Panax ginseng root extract, Linalool, Zingiber officinale (Ginger) root extract, Butylene glycol**, Limonene, Eugenol, Geraniol, Citronellol, Benzyl alcohol, Dextran, Acetyl tetrapeptide-3, Trifolium pratense (Clover) flower extract.<br \/>\n*organic<br \/>\n**plant derived<br \/>\n<strong>PACKAGING<\/strong>: in vetro satinato serigrafato. Chiusura con contagocce nero.<\/p>\n<p><strong>Attenzione<\/strong> Solo per uso esterno. Evitare il contatto con gli occhi. In caso di contatto, sciacquare abbondantemente con acqua.<\/p>\n","protected":false},"excerpt":{"rendered":"<p style=\"font-size: 12px;\">Poise \u00e8 realizzato con una potente miscela di oltre il 99% di ingredienti naturali combinati per ottenere un cuoio capelluto sano e capelli pi\u00f9 forti e lucidi. Questo siero leggero e rinfrescante purifica, fortifica ed equilibra il cuoio capelluto, aiutando a ridurre la caduta dei capelli e stimolandone la ricrescita.<\/p>\n<p style=\"font-size: 12px;\"><strong>USO<\/strong><br \/>\nAgitare bene prima dell&#8217;uso. Applicare alcune gocce di siero direttamente sul cuoio capelluto bagnato o asciutto, in sezioni dall&#8217;attaccatura dei capelli alla sommit\u00e0 della testa, concentrandosi sulle aree problematiche. Massaggiare delicatamente sul cuoio capelluto con la punta delle dita o con un pettine. Non risciacquare. Si assorbe in pochi minuti. Procedere allo styling come al solito. Utilizzare 2 o 3 volte a settimana secondo necessit\u00e0.<\/p>\n<p><img decoding=\"async\" class=\"alignnone wp-image-4731\" src=\"https:\/\/fragilecosmetics.com\/wp-content\/uploads\/2023\/11\/poise-3-step.png\" alt=\"\" width=\"500\" \/><\/p>\n<p><strong>FORMATO: 50ML<\/strong><\/p>\n","protected":false},"featured_media":5336,"comment_status":"open","ping_status":"closed","template":"","meta":[],"product_brand":[],"product_cat":[107],"product_tag":[],"class_list":{"0":"post-4903","1":"product","2":"type-product","3":"status-publish","4":"has-post-thumbnail","6":"product_cat-non-categorizzato","8":"first","9":"instock","10":"taxable","11":"shipping-taxable","12":"purchasable","13":"product-type-simple"},"yoast_head":"<!-- This site is optimized with the Yoast SEO plugin v27.2 - https:\/\/yoast.com\/product\/yoast-seo-wordpress\/ -->\n<title>Poise siero purificante + fortificante per il cuoio capelluto - Fragile Cosmetics<\/title>\n<meta name=\"description\" content=\"Poise \u00e8 realizzato con una potente miscela di oltre il 99% di ingredienti naturali combinati per ottenere un cuoio capelluto sano\" \/>\n<meta name=\"robots\" content=\"index, follow, max-snippet:-1, max-image-preview:large, max-video-preview:-1\" \/>\n<link rel=\"canonical\" href=\"https:\/\/fragilecosmetics.com\/it\/prodotto\/poise-siero-per-il-cuoio-capelluto-purificante-fortificante\/\" \/>\n<meta property=\"og:locale\" content=\"it_IT\" \/>\n<meta property=\"og:type\" content=\"article\" \/>\n<meta property=\"og:title\" content=\"Poise siero purificante + fortificante per il cuoio capelluto - Fragile Cosmetics\" \/>\n<meta property=\"og:description\" content=\"Poise \u00e8 realizzato con una potente miscela di oltre il 99% di ingredienti naturali combinati per ottenere un cuoio capelluto sano\" \/>\n<meta property=\"og:url\" content=\"https:\/\/fragilecosmetics.com\/it\/prodotto\/poise-siero-per-il-cuoio-capelluto-purificante-fortificante\/\" \/>\n<meta property=\"og:site_name\" content=\"Fragile Cosmetics\" \/>\n<meta property=\"article:publisher\" content=\"https:\/\/www.facebook.com\/fragilecosmetics-101335211725284\" \/>\n<meta property=\"article:modified_time\" content=\"2025-10-09T08:58:46+00:00\" \/>\n<meta property=\"og:image\" content=\"https:\/\/fragilecosmetics.com\/wp-content\/uploads\/2023\/11\/BLOOM1-680x834-1.png\" \/>\n\t<meta property=\"og:image:width\" content=\"680\" \/>\n\t<meta property=\"og:image:height\" content=\"834\" \/>\n\t<meta property=\"og:image:type\" content=\"image\/png\" \/>\n<meta name=\"twitter:card\" content=\"summary_large_image\" \/>\n<meta name=\"twitter:label1\" content=\"Tempo di lettura stimato\" \/>\n\t<meta name=\"twitter:data1\" content=\"5 minuti\" \/>\n<script type=\"application\/ld+json\" class=\"yoast-schema-graph\">{\"@context\":\"https:\/\/schema.org\",\"@graph\":[{\"@type\":\"WebPage\",\"@id\":\"https:\/\/fragilecosmetics.com\/it\/prodotto\/poise-siero-per-il-cuoio-capelluto-purificante-fortificante\/\",\"url\":\"https:\/\/fragilecosmetics.com\/it\/prodotto\/poise-siero-per-il-cuoio-capelluto-purificante-fortificante\/\",\"name\":\"Poise siero purificante + fortificante per il cuoio capelluto - Fragile Cosmetics\",\"isPartOf\":{\"@id\":\"https:\/\/fragilecosmetics.com\/it\/#website\"},\"primaryImageOfPage\":{\"@id\":\"https:\/\/fragilecosmetics.com\/it\/prodotto\/poise-siero-per-il-cuoio-capelluto-purificante-fortificante\/#primaryimage\"},\"image\":{\"@id\":\"https:\/\/fragilecosmetics.com\/it\/prodotto\/poise-siero-per-il-cuoio-capelluto-purificante-fortificante\/#primaryimage\"},\"thumbnailUrl\":\"https:\/\/fragilecosmetics.com\/wp-content\/uploads\/2023\/11\/poise-fondo-bianco-1.jpg\",\"datePublished\":\"2023-11-20T08:43:10+00:00\",\"dateModified\":\"2025-10-09T08:58:46+00:00\",\"description\":\"Poise \u00e8 realizzato con una potente miscela di oltre il 99% di ingredienti naturali combinati per ottenere un cuoio capelluto sano\",\"breadcrumb\":{\"@id\":\"https:\/\/fragilecosmetics.com\/it\/prodotto\/poise-siero-per-il-cuoio-capelluto-purificante-fortificante\/#breadcrumb\"},\"inLanguage\":\"it-IT\",\"potentialAction\":[{\"@type\":\"ReadAction\",\"target\":[\"https:\/\/fragilecosmetics.com\/it\/prodotto\/poise-siero-per-il-cuoio-capelluto-purificante-fortificante\/\"]}]},{\"@type\":\"ImageObject\",\"inLanguage\":\"it-IT\",\"@id\":\"https:\/\/fragilecosmetics.com\/it\/prodotto\/poise-siero-per-il-cuoio-capelluto-purificante-fortificante\/#primaryimage\",\"url\":\"https:\/\/fragilecosmetics.com\/wp-content\/uploads\/2023\/11\/poise-fondo-bianco-1.jpg\",\"contentUrl\":\"https:\/\/fragilecosmetics.com\/wp-content\/uploads\/2023\/11\/poise-fondo-bianco-1.jpg\",\"width\":1772,\"height\":1772},{\"@type\":\"BreadcrumbList\",\"@id\":\"https:\/\/fragilecosmetics.com\/it\/prodotto\/poise-siero-per-il-cuoio-capelluto-purificante-fortificante\/#breadcrumb\",\"itemListElement\":[{\"@type\":\"ListItem\",\"position\":1,\"name\":\"Home\",\"item\":\"https:\/\/fragilecosmetics.com\/it\/\"},{\"@type\":\"ListItem\",\"position\":2,\"name\":\"Negozio\",\"item\":\"https:\/\/fragilecosmetics.com\/it\/negozio\/\"},{\"@type\":\"ListItem\",\"position\":3,\"name\":\"Poise siero purificante + fortificante per il cuoio capelluto\"}]},{\"@type\":\"WebSite\",\"@id\":\"https:\/\/fragilecosmetics.com\/it\/#website\",\"url\":\"https:\/\/fragilecosmetics.com\/it\/\",\"name\":\"Fragile Cosmetics\",\"description\":\"\",\"publisher\":{\"@id\":\"https:\/\/fragilecosmetics.com\/it\/#organization\"},\"potentialAction\":[{\"@type\":\"SearchAction\",\"target\":{\"@type\":\"EntryPoint\",\"urlTemplate\":\"https:\/\/fragilecosmetics.com\/it\/?s={search_term_string}\"},\"query-input\":{\"@type\":\"PropertyValueSpecification\",\"valueRequired\":true,\"valueName\":\"search_term_string\"}}],\"inLanguage\":\"it-IT\"},{\"@type\":\"Organization\",\"@id\":\"https:\/\/fragilecosmetics.com\/it\/#organization\",\"name\":\"Fragile Cosmetics Srl\",\"url\":\"https:\/\/fragilecosmetics.com\/it\/\",\"logo\":{\"@type\":\"ImageObject\",\"inLanguage\":\"it-IT\",\"@id\":\"https:\/\/fragilecosmetics.com\/it\/#\/schema\/logo\/image\/\",\"url\":\"https:\/\/fragilecosmetics.com\/wp-content\/uploads\/2020\/08\/Logo-HD-nero.png\",\"contentUrl\":\"https:\/\/fragilecosmetics.com\/wp-content\/uploads\/2020\/08\/Logo-HD-nero.png\",\"width\":400,\"height\":265,\"caption\":\"Fragile Cosmetics Srl\"},\"image\":{\"@id\":\"https:\/\/fragilecosmetics.com\/it\/#\/schema\/logo\/image\/\"},\"sameAs\":[\"https:\/\/www.facebook.com\/fragilecosmetics-101335211725284\",\"https:\/\/www.instagram.com\/fragilecosmetics\/\"]}]}<\/script>\n<!-- \/ Yoast SEO plugin. -->","yoast_head_json":{"title":"Poise siero purificante + fortificante per il cuoio capelluto - Fragile Cosmetics","description":"Poise \u00e8 realizzato con una potente miscela di oltre il 99% di ingredienti naturali combinati per ottenere un cuoio capelluto sano","robots":{"index":"index","follow":"follow","max-snippet":"max-snippet:-1","max-image-preview":"max-image-preview:large","max-video-preview":"max-video-preview:-1"},"canonical":"https:\/\/fragilecosmetics.com\/it\/prodotto\/poise-siero-per-il-cuoio-capelluto-purificante-fortificante\/","og_locale":"it_IT","og_type":"article","og_title":"Poise siero purificante + fortificante per il cuoio capelluto - Fragile Cosmetics","og_description":"Poise \u00e8 realizzato con una potente miscela di oltre il 99% di ingredienti naturali combinati per ottenere un cuoio capelluto sano","og_url":"https:\/\/fragilecosmetics.com\/it\/prodotto\/poise-siero-per-il-cuoio-capelluto-purificante-fortificante\/","og_site_name":"Fragile Cosmetics","article_publisher":"https:\/\/www.facebook.com\/fragilecosmetics-101335211725284","article_modified_time":"2025-10-09T08:58:46+00:00","og_image":[{"width":680,"height":834,"url":"https:\/\/fragilecosmetics.com\/wp-content\/uploads\/2023\/11\/BLOOM1-680x834-1.png","type":"image\/png"}],"twitter_card":"summary_large_image","twitter_misc":{"Tempo di lettura stimato":"5 minuti"},"schema":{"@context":"https:\/\/schema.org","@graph":[{"@type":"WebPage","@id":"https:\/\/fragilecosmetics.com\/it\/prodotto\/poise-siero-per-il-cuoio-capelluto-purificante-fortificante\/","url":"https:\/\/fragilecosmetics.com\/it\/prodotto\/poise-siero-per-il-cuoio-capelluto-purificante-fortificante\/","name":"Poise siero purificante + fortificante per il cuoio capelluto - Fragile Cosmetics","isPartOf":{"@id":"https:\/\/fragilecosmetics.com\/it\/#website"},"primaryImageOfPage":{"@id":"https:\/\/fragilecosmetics.com\/it\/prodotto\/poise-siero-per-il-cuoio-capelluto-purificante-fortificante\/#primaryimage"},"image":{"@id":"https:\/\/fragilecosmetics.com\/it\/prodotto\/poise-siero-per-il-cuoio-capelluto-purificante-fortificante\/#primaryimage"},"thumbnailUrl":"https:\/\/fragilecosmetics.com\/wp-content\/uploads\/2023\/11\/poise-fondo-bianco-1.jpg","datePublished":"2023-11-20T08:43:10+00:00","dateModified":"2025-10-09T08:58:46+00:00","description":"Poise \u00e8 realizzato con una potente miscela di oltre il 99% di ingredienti naturali combinati per ottenere un cuoio capelluto sano","breadcrumb":{"@id":"https:\/\/fragilecosmetics.com\/it\/prodotto\/poise-siero-per-il-cuoio-capelluto-purificante-fortificante\/#breadcrumb"},"inLanguage":"it-IT","potentialAction":[{"@type":"ReadAction","target":["https:\/\/fragilecosmetics.com\/it\/prodotto\/poise-siero-per-il-cuoio-capelluto-purificante-fortificante\/"]}]},{"@type":"ImageObject","inLanguage":"it-IT","@id":"https:\/\/fragilecosmetics.com\/it\/prodotto\/poise-siero-per-il-cuoio-capelluto-purificante-fortificante\/#primaryimage","url":"https:\/\/fragilecosmetics.com\/wp-content\/uploads\/2023\/11\/poise-fondo-bianco-1.jpg","contentUrl":"https:\/\/fragilecosmetics.com\/wp-content\/uploads\/2023\/11\/poise-fondo-bianco-1.jpg","width":1772,"height":1772},{"@type":"BreadcrumbList","@id":"https:\/\/fragilecosmetics.com\/it\/prodotto\/poise-siero-per-il-cuoio-capelluto-purificante-fortificante\/#breadcrumb","itemListElement":[{"@type":"ListItem","position":1,"name":"Home","item":"https:\/\/fragilecosmetics.com\/it\/"},{"@type":"ListItem","position":2,"name":"Negozio","item":"https:\/\/fragilecosmetics.com\/it\/negozio\/"},{"@type":"ListItem","position":3,"name":"Poise siero purificante + fortificante per il cuoio capelluto"}]},{"@type":"WebSite","@id":"https:\/\/fragilecosmetics.com\/it\/#website","url":"https:\/\/fragilecosmetics.com\/it\/","name":"Fragile Cosmetics","description":"","publisher":{"@id":"https:\/\/fragilecosmetics.com\/it\/#organization"},"potentialAction":[{"@type":"SearchAction","target":{"@type":"EntryPoint","urlTemplate":"https:\/\/fragilecosmetics.com\/it\/?s={search_term_string}"},"query-input":{"@type":"PropertyValueSpecification","valueRequired":true,"valueName":"search_term_string"}}],"inLanguage":"it-IT"},{"@type":"Organization","@id":"https:\/\/fragilecosmetics.com\/it\/#organization","name":"Fragile Cosmetics Srl","url":"https:\/\/fragilecosmetics.com\/it\/","logo":{"@type":"ImageObject","inLanguage":"it-IT","@id":"https:\/\/fragilecosmetics.com\/it\/#\/schema\/logo\/image\/","url":"https:\/\/fragilecosmetics.com\/wp-content\/uploads\/2020\/08\/Logo-HD-nero.png","contentUrl":"https:\/\/fragilecosmetics.com\/wp-content\/uploads\/2020\/08\/Logo-HD-nero.png","width":400,"height":265,"caption":"Fragile Cosmetics Srl"},"image":{"@id":"https:\/\/fragilecosmetics.com\/it\/#\/schema\/logo\/image\/"},"sameAs":["https:\/\/www.facebook.com\/fragilecosmetics-101335211725284","https:\/\/www.instagram.com\/fragilecosmetics\/"]}]}},"_links":{"self":[{"href":"https:\/\/fragilecosmetics.com\/it\/wp-json\/wp\/v2\/product\/4903","targetHints":{"allow":["GET"]}}],"collection":[{"href":"https:\/\/fragilecosmetics.com\/it\/wp-json\/wp\/v2\/product"}],"about":[{"href":"https:\/\/fragilecosmetics.com\/it\/wp-json\/wp\/v2\/types\/product"}],"replies":[{"embeddable":true,"href":"https:\/\/fragilecosmetics.com\/it\/wp-json\/wp\/v2\/comments?post=4903"}],"wp:featuredmedia":[{"embeddable":true,"href":"https:\/\/fragilecosmetics.com\/it\/wp-json\/wp\/v2\/media\/5336"}],"wp:attachment":[{"href":"https:\/\/fragilecosmetics.com\/it\/wp-json\/wp\/v2\/media?parent=4903"}],"wp:term":[{"taxonomy":"product_brand","embeddable":true,"href":"https:\/\/fragilecosmetics.com\/it\/wp-json\/wp\/v2\/product_brand?post=4903"},{"taxonomy":"product_cat","embeddable":true,"href":"https:\/\/fragilecosmetics.com\/it\/wp-json\/wp\/v2\/product_cat?post=4903"},{"taxonomy":"product_tag","embeddable":true,"href":"https:\/\/fragilecosmetics.com\/it\/wp-json\/wp\/v2\/product_tag?post=4903"}],"curies":[{"name":"wp","href":"https:\/\/api.w.org\/{rel}","templated":true}]}}