{"id":5186,"date":"2025-02-28T09:49:30","date_gmt":"2025-02-28T08:49:30","guid":{"rendered":"https:\/\/fragilecosmetics.com\/?post_type=product&#038;p=5186"},"modified":"2025-10-09T10:59:13","modified_gmt":"2025-10-09T08:59:13","slug":"sense","status":"publish","type":"product","link":"https:\/\/fragilecosmetics.com\/it\/prodotto\/sense\/","title":{"rendered":"Sense profumo per capelli lucidante + idratante"},"content":{"rendered":"<p><strong>INGREDIENTI ATTIVI <\/strong><\/p>\n<p>ESTRATTO DI YACON<\/p>\n<p>LO Yacon \u00e8 un antica pianta proveniente dal Per\u00f9, usata gi\u00e0 dagli incas . Noto come &#8220;miele vegetale&#8221;, conferisce ai capelli una lucentezza progressiva che si intensifica ad ogni utilizzo . Grazie ai suoi antiossidanti, come il polifenolo, l&#8217;estratto di yacon non solo protegge i capelli dai danni ambientali, ma li rende anche visibilmente lucenti. Esso contiene fruttoligosaccaridi, che sono noti per la loro capacit\u00e0 di trattenere l&#8217;umidit\u00e0. Studi scientifici hanno dimostrato che questi composti migliorano l\u2019idratazione del capello, prevenendo la secchezza e rendendo i capelli pi\u00f9 morbidi e gestibili. Il suo ricco contenuto di vitamine e minerali contribuisce a rinforzare la struttura del capello, rendendolo meno suscettibile a rotture e danni, per una chioma pi\u00f9 forte e voluminosa.<\/p>\n<p>ACIDO GLICOLICO<\/p>\n<p>L\u2019acido glicolico \u00e8 un alfa idrossiacido (AHA), un acido della frutta estratto naturalmente dalla canna da zucchero. Grazie alla sua natura umettante, l&#8217;acido glicolico attira e trattiene l&#8217;umidit\u00e0. Studi hanno dimostrato che l&#8217;elevata capacit\u00e0 di idratazione di questo acido contribuisce a mantenere i capelli ben idratati, favorendo morbidezza e salute a lungo termine.<br \/>\nL&#8217;uso regolare di prodotti contenenti acido glicolico rivela un miglioramento nella struttura dei capelli, rendendoli pi\u00f9 resistenti e meno soggetti a rotture. Esso ha la capacit\u00e0 di sigillare le cuticole rendendo la chioma pi\u00f9 glossy e al contempo idratata. Una cuticola liscia e ben idratata ottimizza la riflessione della luce, donando ai capelli un aspetto luminoso e sano.<\/p>\n<p>lINCI:<\/p>\n<p>Aqua [Water], Polyglyceryl-4 caprate, Parfum [Fragrance], Potassium sorbate, Sodium benzoate,<br \/>\nPolymnia sonchifolia root extract, Glycolic acid, Glycerin, Tetrasodium glutamate diacetate, Benzyl<br \/>\nbenzoate, Benzyl cinnamate, Xanthan gum, Coumarin, Sodium hydroxide.<\/p>\n<p>Attenzione Solo per uso esterno. Evitare il contatto con gli occhi. In caso di contatto, sciacquare abbondantemente con acqua.<\/p>\n<p><strong>PACKAGING<\/strong><\/p>\n<p>Il packaging secondario \u00e8 realizzato con una carta riciclata FSC realizzata con EKOenergia, senza OGM e contiene 40% di riciclato post consumo\u2028.<br \/>\nuna carta golosa e sostenibile, resa ancora pi\u00f9 irresistibile dal suo aspetto tattile e visivo unico, capace di stimolare i sensi.<br \/>\nLa buccia della fava di cacao viene utilizzata per la realizzazione della carta. Viene micronizzata all&#8217;interno della cartiera e pu\u00f2 cos\u00ec sostituire fino al 15% di cellulosa vergine.<\/p>\n","protected":false},"excerpt":{"rendered":"<p style=\"font-size: 12px;\">SENSE e\u0300 un profumo per capelli dalla fragranza sensuale e avvolgente. La formula spray e\u0300 arricchita con ingredienti botanici attivi progettati per nutrire e far brillare i capelli. L&#8217;estratto di yacon, noto come &#8220;miele vegetale&#8221;, conferisce ai capelli una lucentezza progressiva che si intensifica ad ogni utilizzo. L\u2019acido glicolico ripristina la fibra capillare e sigilla le cuticole, rendendo i capelli piu\u0300 idratati e lucidi.<\/p>\n<p style=\"font-size: 12px;\"><strong>UTILIZZO:<\/strong><br \/>\nSpruzzare uniformemente il profumo per capelli sui capelli asciutti o bagnati, da una distanza di circa 40 cm.<br \/>\nScuotere i capelli per rilasciare l\u2019avvolgente fragranza del profumo.<\/p>\n<p style=\"font-size: 12px;\"><strong>ESPERIENZA OLFATTIVA:<\/strong><br \/>\nSENSE un profumo per i tuoi capelli che ti avvolge in un caldo abbraccio, immergendoti in un\u2019intimita\u0300 profonda e dolce. Le note olfattive accuratamente selezionate richiamano esperienze sensuale e potenti, creando una sensazione di appartenenza in un mondo frenetico. Ovunque ti trovi, SENSE avvolge i tuoi capelli con comfort e fascino per tutto il giorno.<\/p>\n<p><img decoding=\"async\" class=\"alignnone wp-image-5188 size-full\" src=\"https:\/\/fragilecosmetics.com\/wp-content\/uploads\/2025\/02\/Senza-titolo.png\" alt=\"\" width=\"481\" height=\"70\" srcset=\"https:\/\/fragilecosmetics.com\/wp-content\/uploads\/2025\/02\/Senza-titolo.png 481w, https:\/\/fragilecosmetics.com\/wp-content\/uploads\/2025\/02\/Senza-titolo-300x44.png 300w\" sizes=\"(max-width: 481px) 100vw, 481px\" \/><\/p>\n<p><strong>Formato: 50ml<\/strong><\/p>\n","protected":false},"featured_media":5320,"comment_status":"open","ping_status":"closed","template":"","meta":[],"product_brand":[],"product_cat":[107],"product_tag":[],"class_list":{"0":"post-5186","1":"product","2":"type-product","3":"status-publish","4":"has-post-thumbnail","6":"product_cat-non-categorizzato","8":"first","9":"instock","10":"taxable","11":"shipping-taxable","12":"purchasable","13":"product-type-simple"},"yoast_head":"<!-- This site is optimized with the Yoast SEO plugin v27.2 - https:\/\/yoast.com\/product\/yoast-seo-wordpress\/ -->\n<title>Sense profumo per capelli lucidante + idratante - Fragile Cosmetics<\/title>\n<meta name=\"description\" content=\"3 step essenziali per un rituale per capelli consapevole da portare con te sempre e ovunque: I nostri bestseller shampoo glow e balsamo flow...\" \/>\n<meta name=\"robots\" content=\"index, follow, max-snippet:-1, max-image-preview:large, max-video-preview:-1\" \/>\n<link rel=\"canonical\" href=\"https:\/\/fragilecosmetics.com\/it\/prodotto\/sense\/\" \/>\n<meta property=\"og:locale\" content=\"it_IT\" \/>\n<meta property=\"og:type\" content=\"article\" \/>\n<meta property=\"og:title\" content=\"Sense profumo per capelli lucidante + idratante - Fragile Cosmetics\" \/>\n<meta property=\"og:description\" content=\"3 step essenziali per un rituale per capelli consapevole da portare con te sempre e ovunque: I nostri bestseller shampoo glow e balsamo flow...\" \/>\n<meta property=\"og:url\" content=\"https:\/\/fragilecosmetics.com\/it\/prodotto\/sense\/\" \/>\n<meta property=\"og:site_name\" content=\"Fragile Cosmetics\" \/>\n<meta property=\"article:publisher\" content=\"https:\/\/www.facebook.com\/fragilecosmetics-101335211725284\" \/>\n<meta property=\"article:modified_time\" content=\"2025-10-09T08:59:13+00:00\" \/>\n<meta property=\"og:image\" content=\"https:\/\/fragilecosmetics.com\/wp-content\/uploads\/2025\/02\/sense-680x834-1.jpg\" \/>\n\t<meta property=\"og:image:width\" content=\"680\" \/>\n\t<meta property=\"og:image:height\" content=\"834\" \/>\n\t<meta property=\"og:image:type\" content=\"image\/jpeg\" \/>\n<meta name=\"twitter:card\" content=\"summary_large_image\" \/>\n<meta name=\"twitter:label1\" content=\"Tempo di lettura stimato\" \/>\n\t<meta name=\"twitter:data1\" content=\"3 minuti\" \/>\n<script type=\"application\/ld+json\" class=\"yoast-schema-graph\">{\"@context\":\"https:\/\/schema.org\",\"@graph\":[{\"@type\":\"WebPage\",\"@id\":\"https:\/\/fragilecosmetics.com\/it\/prodotto\/sense\/\",\"url\":\"https:\/\/fragilecosmetics.com\/it\/prodotto\/sense\/\",\"name\":\"Sense profumo per capelli lucidante + idratante - Fragile Cosmetics\",\"isPartOf\":{\"@id\":\"https:\/\/fragilecosmetics.com\/it\/#website\"},\"primaryImageOfPage\":{\"@id\":\"https:\/\/fragilecosmetics.com\/it\/prodotto\/sense\/#primaryimage\"},\"image\":{\"@id\":\"https:\/\/fragilecosmetics.com\/it\/prodotto\/sense\/#primaryimage\"},\"thumbnailUrl\":\"https:\/\/fragilecosmetics.com\/wp-content\/uploads\/2025\/02\/sense-fondo-bianco-1.jpg\",\"datePublished\":\"2025-02-28T08:49:30+00:00\",\"dateModified\":\"2025-10-09T08:59:13+00:00\",\"description\":\"3 step essenziali per un rituale per capelli consapevole da portare con te sempre e ovunque: I nostri bestseller shampoo glow e balsamo flow...\",\"breadcrumb\":{\"@id\":\"https:\/\/fragilecosmetics.com\/it\/prodotto\/sense\/#breadcrumb\"},\"inLanguage\":\"it-IT\",\"potentialAction\":[{\"@type\":\"ReadAction\",\"target\":[\"https:\/\/fragilecosmetics.com\/it\/prodotto\/sense\/\"]}]},{\"@type\":\"ImageObject\",\"inLanguage\":\"it-IT\",\"@id\":\"https:\/\/fragilecosmetics.com\/it\/prodotto\/sense\/#primaryimage\",\"url\":\"https:\/\/fragilecosmetics.com\/wp-content\/uploads\/2025\/02\/sense-fondo-bianco-1.jpg\",\"contentUrl\":\"https:\/\/fragilecosmetics.com\/wp-content\/uploads\/2025\/02\/sense-fondo-bianco-1.jpg\",\"width\":834,\"height\":834},{\"@type\":\"BreadcrumbList\",\"@id\":\"https:\/\/fragilecosmetics.com\/it\/prodotto\/sense\/#breadcrumb\",\"itemListElement\":[{\"@type\":\"ListItem\",\"position\":1,\"name\":\"Home\",\"item\":\"https:\/\/fragilecosmetics.com\/it\/\"},{\"@type\":\"ListItem\",\"position\":2,\"name\":\"Negozio\",\"item\":\"https:\/\/fragilecosmetics.com\/it\/negozio\/\"},{\"@type\":\"ListItem\",\"position\":3,\"name\":\"Sense profumo per capelli lucidante + idratante\"}]},{\"@type\":\"WebSite\",\"@id\":\"https:\/\/fragilecosmetics.com\/it\/#website\",\"url\":\"https:\/\/fragilecosmetics.com\/it\/\",\"name\":\"Fragile Cosmetics\",\"description\":\"\",\"publisher\":{\"@id\":\"https:\/\/fragilecosmetics.com\/it\/#organization\"},\"potentialAction\":[{\"@type\":\"SearchAction\",\"target\":{\"@type\":\"EntryPoint\",\"urlTemplate\":\"https:\/\/fragilecosmetics.com\/it\/?s={search_term_string}\"},\"query-input\":{\"@type\":\"PropertyValueSpecification\",\"valueRequired\":true,\"valueName\":\"search_term_string\"}}],\"inLanguage\":\"it-IT\"},{\"@type\":\"Organization\",\"@id\":\"https:\/\/fragilecosmetics.com\/it\/#organization\",\"name\":\"Fragile Cosmetics Srl\",\"url\":\"https:\/\/fragilecosmetics.com\/it\/\",\"logo\":{\"@type\":\"ImageObject\",\"inLanguage\":\"it-IT\",\"@id\":\"https:\/\/fragilecosmetics.com\/it\/#\/schema\/logo\/image\/\",\"url\":\"https:\/\/fragilecosmetics.com\/wp-content\/uploads\/2020\/08\/Logo-HD-nero.png\",\"contentUrl\":\"https:\/\/fragilecosmetics.com\/wp-content\/uploads\/2020\/08\/Logo-HD-nero.png\",\"width\":400,\"height\":265,\"caption\":\"Fragile Cosmetics Srl\"},\"image\":{\"@id\":\"https:\/\/fragilecosmetics.com\/it\/#\/schema\/logo\/image\/\"},\"sameAs\":[\"https:\/\/www.facebook.com\/fragilecosmetics-101335211725284\",\"https:\/\/www.instagram.com\/fragilecosmetics\/\"]}]}<\/script>\n<!-- \/ Yoast SEO plugin. -->","yoast_head_json":{"title":"Sense profumo per capelli lucidante + idratante - Fragile Cosmetics","description":"3 step essenziali per un rituale per capelli consapevole da portare con te sempre e ovunque: I nostri bestseller shampoo glow e balsamo flow...","robots":{"index":"index","follow":"follow","max-snippet":"max-snippet:-1","max-image-preview":"max-image-preview:large","max-video-preview":"max-video-preview:-1"},"canonical":"https:\/\/fragilecosmetics.com\/it\/prodotto\/sense\/","og_locale":"it_IT","og_type":"article","og_title":"Sense profumo per capelli lucidante + idratante - Fragile Cosmetics","og_description":"3 step essenziali per un rituale per capelli consapevole da portare con te sempre e ovunque: I nostri bestseller shampoo glow e balsamo flow...","og_url":"https:\/\/fragilecosmetics.com\/it\/prodotto\/sense\/","og_site_name":"Fragile Cosmetics","article_publisher":"https:\/\/www.facebook.com\/fragilecosmetics-101335211725284","article_modified_time":"2025-10-09T08:59:13+00:00","og_image":[{"width":680,"height":834,"url":"https:\/\/fragilecosmetics.com\/wp-content\/uploads\/2025\/02\/sense-680x834-1.jpg","type":"image\/jpeg"}],"twitter_card":"summary_large_image","twitter_misc":{"Tempo di lettura stimato":"3 minuti"},"schema":{"@context":"https:\/\/schema.org","@graph":[{"@type":"WebPage","@id":"https:\/\/fragilecosmetics.com\/it\/prodotto\/sense\/","url":"https:\/\/fragilecosmetics.com\/it\/prodotto\/sense\/","name":"Sense profumo per capelli lucidante + idratante - Fragile Cosmetics","isPartOf":{"@id":"https:\/\/fragilecosmetics.com\/it\/#website"},"primaryImageOfPage":{"@id":"https:\/\/fragilecosmetics.com\/it\/prodotto\/sense\/#primaryimage"},"image":{"@id":"https:\/\/fragilecosmetics.com\/it\/prodotto\/sense\/#primaryimage"},"thumbnailUrl":"https:\/\/fragilecosmetics.com\/wp-content\/uploads\/2025\/02\/sense-fondo-bianco-1.jpg","datePublished":"2025-02-28T08:49:30+00:00","dateModified":"2025-10-09T08:59:13+00:00","description":"3 step essenziali per un rituale per capelli consapevole da portare con te sempre e ovunque: I nostri bestseller shampoo glow e balsamo flow...","breadcrumb":{"@id":"https:\/\/fragilecosmetics.com\/it\/prodotto\/sense\/#breadcrumb"},"inLanguage":"it-IT","potentialAction":[{"@type":"ReadAction","target":["https:\/\/fragilecosmetics.com\/it\/prodotto\/sense\/"]}]},{"@type":"ImageObject","inLanguage":"it-IT","@id":"https:\/\/fragilecosmetics.com\/it\/prodotto\/sense\/#primaryimage","url":"https:\/\/fragilecosmetics.com\/wp-content\/uploads\/2025\/02\/sense-fondo-bianco-1.jpg","contentUrl":"https:\/\/fragilecosmetics.com\/wp-content\/uploads\/2025\/02\/sense-fondo-bianco-1.jpg","width":834,"height":834},{"@type":"BreadcrumbList","@id":"https:\/\/fragilecosmetics.com\/it\/prodotto\/sense\/#breadcrumb","itemListElement":[{"@type":"ListItem","position":1,"name":"Home","item":"https:\/\/fragilecosmetics.com\/it\/"},{"@type":"ListItem","position":2,"name":"Negozio","item":"https:\/\/fragilecosmetics.com\/it\/negozio\/"},{"@type":"ListItem","position":3,"name":"Sense profumo per capelli lucidante + idratante"}]},{"@type":"WebSite","@id":"https:\/\/fragilecosmetics.com\/it\/#website","url":"https:\/\/fragilecosmetics.com\/it\/","name":"Fragile Cosmetics","description":"","publisher":{"@id":"https:\/\/fragilecosmetics.com\/it\/#organization"},"potentialAction":[{"@type":"SearchAction","target":{"@type":"EntryPoint","urlTemplate":"https:\/\/fragilecosmetics.com\/it\/?s={search_term_string}"},"query-input":{"@type":"PropertyValueSpecification","valueRequired":true,"valueName":"search_term_string"}}],"inLanguage":"it-IT"},{"@type":"Organization","@id":"https:\/\/fragilecosmetics.com\/it\/#organization","name":"Fragile Cosmetics Srl","url":"https:\/\/fragilecosmetics.com\/it\/","logo":{"@type":"ImageObject","inLanguage":"it-IT","@id":"https:\/\/fragilecosmetics.com\/it\/#\/schema\/logo\/image\/","url":"https:\/\/fragilecosmetics.com\/wp-content\/uploads\/2020\/08\/Logo-HD-nero.png","contentUrl":"https:\/\/fragilecosmetics.com\/wp-content\/uploads\/2020\/08\/Logo-HD-nero.png","width":400,"height":265,"caption":"Fragile Cosmetics Srl"},"image":{"@id":"https:\/\/fragilecosmetics.com\/it\/#\/schema\/logo\/image\/"},"sameAs":["https:\/\/www.facebook.com\/fragilecosmetics-101335211725284","https:\/\/www.instagram.com\/fragilecosmetics\/"]}]}},"_links":{"self":[{"href":"https:\/\/fragilecosmetics.com\/it\/wp-json\/wp\/v2\/product\/5186","targetHints":{"allow":["GET"]}}],"collection":[{"href":"https:\/\/fragilecosmetics.com\/it\/wp-json\/wp\/v2\/product"}],"about":[{"href":"https:\/\/fragilecosmetics.com\/it\/wp-json\/wp\/v2\/types\/product"}],"replies":[{"embeddable":true,"href":"https:\/\/fragilecosmetics.com\/it\/wp-json\/wp\/v2\/comments?post=5186"}],"wp:featuredmedia":[{"embeddable":true,"href":"https:\/\/fragilecosmetics.com\/it\/wp-json\/wp\/v2\/media\/5320"}],"wp:attachment":[{"href":"https:\/\/fragilecosmetics.com\/it\/wp-json\/wp\/v2\/media?parent=5186"}],"wp:term":[{"taxonomy":"product_brand","embeddable":true,"href":"https:\/\/fragilecosmetics.com\/it\/wp-json\/wp\/v2\/product_brand?post=5186"},{"taxonomy":"product_cat","embeddable":true,"href":"https:\/\/fragilecosmetics.com\/it\/wp-json\/wp\/v2\/product_cat?post=5186"},{"taxonomy":"product_tag","embeddable":true,"href":"https:\/\/fragilecosmetics.com\/it\/wp-json\/wp\/v2\/product_tag?post=5186"}],"curies":[{"name":"wp","href":"https:\/\/api.w.org\/{rel}","templated":true}]}}